{"id":264,"date":"2024-03-18T20:56:19","date_gmt":"2024-03-18T18:56:19","guid":{"rendered":"http:\/\/divesar.ee\/?page_id=264"},"modified":"2024-03-19T13:29:16","modified_gmt":"2024-03-19T11:29:16","slug":"kontakt","status":"publish","type":"page","link":"https:\/\/divesar.ee\/ru\/kontakt\/","title":{"rendered":"\u041a\u043e\u043d\u0442\u0430\u043a\u0442"},"content":{"rendered":"<p>[et_pb_section fb_built=&#8221;1&#8243; _builder_version=&#8221;4.7.7&#8243; _module_preset=&#8221;default&#8221; background_image=&#8221;https:\/\/divesar.ee\/wp-content\/uploads\/2023\/11\/imgpsh_fullsize_anim-3-1.jpg&#8221; animation_style=&#8221;fade&#8221;][et_pb_row _builder_version=&#8221;4.7.7&#8243; _module_preset=&#8221;default&#8221; background_color=&#8221;#ffffff&#8221; min_height=&#8221;66.1px&#8221; height=&#8221;60px&#8221; custom_padding=&#8221;0px||7px|||&#8221; border_radii=&#8221;off|20px|20px||&#8221; border_color_all=&#8221;#ffffff&#8221;][et_pb_column type=&#8221;4_4&#8243; _builder_version=&#8221;4.7.7&#8243; _module_preset=&#8221;default&#8221;][et_pb_text _builder_version=&#8221;4.7.7&#8243; _module_preset=&#8221;default&#8221; background_color=&#8221;#ffffff&#8221; custom_padding=&#8221;||0px|||&#8221; border_width_all=&#8221;19px&#8221; border_color_all=&#8221;#ffffff&#8221;]<\/p>\n<h1 style=\"text-align: center;\"><strong>\u041a\u043e\u043d\u0442\u0430\u043a\u0442<\/strong><\/h1>\n<p>[\/et_pb_text][\/et_pb_column][\/et_pb_row][et_pb_row column_structure=&#8221;1_2,1_2&#8243; _builder_version=&#8221;4.7.7&#8243; _module_preset=&#8221;default&#8221; background_color=&#8221;#ffffff&#8221; border_radii=&#8221;off|||20px|20px&#8221; border_width_all=&#8221;44px&#8221; border_color_all=&#8221;#ffffff&#8221;][et_pb_column type=&#8221;1_2&#8243; _builder_version=&#8221;4.7.7&#8243; _module_preset=&#8221;default&#8221;][et_pb_text _builder_version=&#8221;4.7.7&#8243; _module_preset=&#8221;default&#8221; text_font=&#8221;Abel|700|||||||&#8221; text_font_size=&#8221;40px&#8221; text_font_size_tablet=&#8221;&#8221; text_font_size_phone=&#8221;36px&#8221; text_font_size_last_edited=&#8221;on|phone&#8221;]<\/p>\n<p><span style=\"color: #000000;\">\u0410\u0432\u0442\u043e\u0448\u043a\u043e\u043b\u0430 Divesar<\/span><\/p>\n<p>[\/et_pb_text][et_pb_text _builder_version=&#8221;4.7.7&#8243; _module_preset=&#8221;default&#8221; text_font_size=&#8221;16px&#8221; custom_margin=&#8221;||16px|||&#8221;]<\/p>\n<p><span style=\"color: #000000;\">Tallinn P\u00c4RNU MNT 150\u00a0 Tallinna T\u00f5nism\u00e4e Reaalkool<\/span><\/p>\n<p>[\/et_pb_text][et_pb_text _builder_version=&#8221;4.7.7&#8243; _module_preset=&#8221;default&#8221; text_font_size=&#8221;16px&#8221;]<\/p>\n<p><span style=\"color: #000000;\">\u042d-\u043f\u043e\u0447\u0442\u0430: <a href=\"mailto:divesarou@gmail.com\" style=\"color: #000000;\">divesarou@gmail.com<\/a><\/span><\/p>\n<p><span style=\"color: #000000;\">\u0422\u0435\u043b\u0435\u0444\u043e\u043d: 55515222<\/span><\/p>\n<p>[\/et_pb_text][\/et_pb_column][et_pb_column type=&#8221;1_2&#8243; _builder_version=&#8221;4.7.7&#8243; _module_preset=&#8221;default&#8221;][et_pb_contact_form email=&#8221;divesarou@gmail.com&#8221; success_message=&#8221;S\u00f5num on edastatud!&#8221; submit_button_text=&#8221;Saada&#8221; _builder_version=&#8221;4.7.7&#8243; _module_preset=&#8221;default&#8221; form_field_font=&#8221;Abel||||||||&#8221; custom_button=&#8221;on&#8221; button_text_color=&#8221;#1E0E67&#8243; button_border_color=&#8221;#1E0E67&#8243;][et_pb_contact_field field_id=&#8221;Eesnimi&#8221; field_title=&#8221;Eesnimi*&#8221; _builder_version=&#8221;4.7.7&#8243; button_text_size__hover_enabled=&#8221;off&#8221; button_one_text_size__hover_enabled=&#8221;off&#8221; button_two_text_size__hover_enabled=&#8221;off&#8221; button_text_color__hover_enabled=&#8221;off&#8221; button_one_text_color__hover_enabled=&#8221;off&#8221; button_two_text_color__hover_enabled=&#8221;off&#8221; button_border_width__hover_enabled=&#8221;off&#8221; button_one_border_width__hover_enabled=&#8221;off&#8221; button_two_border_width__hover_enabled=&#8221;off&#8221; button_border_color__hover_enabled=&#8221;off&#8221; button_one_border_color__hover_enabled=&#8221;off&#8221; button_two_border_color__hover_enabled=&#8221;off&#8221; button_border_radius__hover_enabled=&#8221;off&#8221; button_one_border_radius__hover_enabled=&#8221;off&#8221; button_two_border_radius__hover_enabled=&#8221;off&#8221; button_letter_spacing__hover_enabled=&#8221;off&#8221; button_one_letter_spacing__hover_enabled=&#8221;off&#8221; button_two_letter_spacing__hover_enabled=&#8221;off&#8221; button_bg_color__hover_enabled=&#8221;off&#8221; button_one_bg_color__hover_enabled=&#8221;off&#8221; button_two_bg_color__hover_enabled=&#8221;off&#8221;][\/et_pb_contact_field][et_pb_contact_field field_id=&#8221;Perenimi&#8221; field_title=&#8221;Perenimi*&#8221; _builder_version=&#8221;4.7.7&#8243; button_text_size__hover_enabled=&#8221;off&#8221; button_one_text_size__hover_enabled=&#8221;off&#8221; button_two_text_size__hover_enabled=&#8221;off&#8221; button_text_color__hover_enabled=&#8221;off&#8221; button_one_text_color__hover_enabled=&#8221;off&#8221; button_two_text_color__hover_enabled=&#8221;off&#8221; button_border_width__hover_enabled=&#8221;off&#8221; button_one_border_width__hover_enabled=&#8221;off&#8221; button_two_border_width__hover_enabled=&#8221;off&#8221; button_border_color__hover_enabled=&#8221;off&#8221; button_one_border_color__hover_enabled=&#8221;off&#8221; button_two_border_color__hover_enabled=&#8221;off&#8221; button_border_radius__hover_enabled=&#8221;off&#8221; button_one_border_radius__hover_enabled=&#8221;off&#8221; button_two_border_radius__hover_enabled=&#8221;off&#8221; button_letter_spacing__hover_enabled=&#8221;off&#8221; button_one_letter_spacing__hover_enabled=&#8221;off&#8221; button_two_letter_spacing__hover_enabled=&#8221;off&#8221; button_bg_color__hover_enabled=&#8221;off&#8221; button_one_bg_color__hover_enabled=&#8221;off&#8221; button_two_bg_color__hover_enabled=&#8221;off&#8221;][\/et_pb_contact_field][et_pb_contact_field field_id=&#8221;E-mail&#8221; field_title=&#8221;E-mail*&#8221; field_type=&#8221;email&#8221; _builder_version=&#8221;4.7.7&#8243; button_text_size__hover_enabled=&#8221;off&#8221; button_one_text_size__hover_enabled=&#8221;off&#8221; button_two_text_size__hover_enabled=&#8221;off&#8221; button_text_color__hover_enabled=&#8221;off&#8221; button_one_text_color__hover_enabled=&#8221;off&#8221; button_two_text_color__hover_enabled=&#8221;off&#8221; button_border_width__hover_enabled=&#8221;off&#8221; button_one_border_width__hover_enabled=&#8221;off&#8221; button_two_border_width__hover_enabled=&#8221;off&#8221; button_border_color__hover_enabled=&#8221;off&#8221; button_one_border_color__hover_enabled=&#8221;off&#8221; button_two_border_color__hover_enabled=&#8221;off&#8221; button_border_radius__hover_enabled=&#8221;off&#8221; button_one_border_radius__hover_enabled=&#8221;off&#8221; button_two_border_radius__hover_enabled=&#8221;off&#8221; button_letter_spacing__hover_enabled=&#8221;off&#8221; button_one_letter_spacing__hover_enabled=&#8221;off&#8221; button_two_letter_spacing__hover_enabled=&#8221;off&#8221; button_bg_color__hover_enabled=&#8221;off&#8221; button_one_bg_color__hover_enabled=&#8221;off&#8221; button_two_bg_color__hover_enabled=&#8221;off&#8221;][\/et_pb_contact_field][et_pb_contact_field field_id=&#8221;Telefon&#8221; field_title=&#8221;Telefon*&#8221; _builder_version=&#8221;4.7.7&#8243; button_text_size__hover_enabled=&#8221;off&#8221; button_one_text_size__hover_enabled=&#8221;off&#8221; button_two_text_size__hover_enabled=&#8221;off&#8221; button_text_color__hover_enabled=&#8221;off&#8221; button_one_text_color__hover_enabled=&#8221;off&#8221; button_two_text_color__hover_enabled=&#8221;off&#8221; button_border_width__hover_enabled=&#8221;off&#8221; button_one_border_width__hover_enabled=&#8221;off&#8221; button_two_border_width__hover_enabled=&#8221;off&#8221; button_border_color__hover_enabled=&#8221;off&#8221; button_one_border_color__hover_enabled=&#8221;off&#8221; button_two_border_color__hover_enabled=&#8221;off&#8221; button_border_radius__hover_enabled=&#8221;off&#8221; button_one_border_radius__hover_enabled=&#8221;off&#8221; button_two_border_radius__hover_enabled=&#8221;off&#8221; button_letter_spacing__hover_enabled=&#8221;off&#8221; button_one_letter_spacing__hover_enabled=&#8221;off&#8221; button_two_letter_spacing__hover_enabled=&#8221;off&#8221; button_bg_color__hover_enabled=&#8221;off&#8221; button_one_bg_color__hover_enabled=&#8221;off&#8221; button_two_bg_color__hover_enabled=&#8221;off&#8221;][\/et_pb_contact_field][et_pb_contact_field field_id=&#8221;S\u00f5num&#8221; field_title=&#8221;S\u00f5num*&#8221; field_type=&#8221;text&#8221; fullwidth_field=&#8221;on&#8221; _builder_version=&#8221;4.7.7&#8243; button_text_size__hover_enabled=&#8221;off&#8221; button_one_text_size__hover_enabled=&#8221;off&#8221; button_two_text_size__hover_enabled=&#8221;off&#8221; button_text_color__hover_enabled=&#8221;off&#8221; button_one_text_color__hover_enabled=&#8221;off&#8221; button_two_text_color__hover_enabled=&#8221;off&#8221; button_border_width__hover_enabled=&#8221;off&#8221; button_one_border_width__hover_enabled=&#8221;off&#8221; button_two_border_width__hover_enabled=&#8221;off&#8221; button_border_color__hover_enabled=&#8221;off&#8221; button_one_border_color__hover_enabled=&#8221;off&#8221; button_two_border_color__hover_enabled=&#8221;off&#8221; button_border_radius__hover_enabled=&#8221;off&#8221; button_one_border_radius__hover_enabled=&#8221;off&#8221; button_two_border_radius__hover_enabled=&#8221;off&#8221; button_letter_spacing__hover_enabled=&#8221;off&#8221; button_one_letter_spacing__hover_enabled=&#8221;off&#8221; button_two_letter_spacing__hover_enabled=&#8221;off&#8221; button_bg_color__hover_enabled=&#8221;off&#8221; button_one_bg_color__hover_enabled=&#8221;off&#8221; button_two_bg_color__hover_enabled=&#8221;off&#8221;][\/et_pb_contact_field][\/et_pb_contact_form][\/et_pb_column][\/et_pb_row][\/et_pb_section]<\/p>","protected":false},"excerpt":{"rendered":"<p>[et_pb_section fb_built=&#8221;1&#8243; _builder_version=&#8221;4.7.7&#8243; _module_preset=&#8221;default&#8221; background_image=&#8221;https:\/\/divesar.ee\/wp-content\/uploads\/2023\/11\/imgpsh_fullsize_anim-3-1.jpg&#8221; animation_style=&#8221;fade&#8221;][et_pb_row _builder_version=&#8221;4.7.7&#8243; _module_preset=&#8221;default&#8221; background_color=&#8221;#ffffff&#8221; min_height=&#8221;66.1px&#8221; height=&#8221;60px&#8221; custom_padding=&#8221;0px||7px|||&#8221; border_radii=&#8221;off|20px|20px||&#8221; border_color_all=&#8221;#ffffff&#8221;][et_pb_column type=&#8221;4_4&#8243; _builder_version=&#8221;4.7.7&#8243; _module_preset=&#8221;default&#8221;][et_pb_text _builder_version=&#8221;4.7.7&#8243; _module_preset=&#8221;default&#8221; background_color=&#8221;#ffffff&#8221; custom_padding=&#8221;||0px|||&#8221; border_width_all=&#8221;19px&#8221; border_color_all=&#8221;#ffffff&#8221;] Kontakt [\/et_pb_text][\/et_pb_column][\/et_pb_row][et_pb_row column_structure=&#8221;1_2,1_2&#8243; _builder_version=&#8221;4.7.7&#8243; _module_preset=&#8221;default&#8221; background_color=&#8221;#ffffff&#8221; border_radii=&#8221;off|||20px|20px&#8221; border_width_all=&#8221;44px&#8221; border_color_all=&#8221;#ffffff&#8221;][et_pb_column type=&#8221;1_2&#8243; _builder_version=&#8221;4.7.7&#8243; _module_preset=&#8221;default&#8221;][et_pb_text _builder_version=&#8221;4.7.7&#8243; _module_preset=&#8221;default&#8221; text_font=&#8221;Abel|700|||||||&#8221; text_font_size=&#8221;40px&#8221; text_font_size_tablet=&#8221;&#8221; text_font_size_phone=&#8221;36px&#8221; text_font_size_last_edited=&#8221;on|phone&#8221;] Divesar Autokool [\/et_pb_text][et_pb_text _builder_version=&#8221;4.7.7&#8243; _module_preset=&#8221;default&#8221; text_font_size=&#8221;16px&#8221; custom_margin=&#8221;||16px|||&#8221;] Tallinn P\u00c4RNU MNT 150\u00a0 Tallinna T\u00f5nism\u00e4e [&hellip;]<\/p>","protected":false},"author":1,"featured_media":0,"parent":0,"menu_order":0,"comment_status":"closed","ping_status":"closed","template":"","meta":{"_et_pb_use_builder":"on","_et_pb_old_content":"","_et_gb_content_width":"","inline_featured_image":false,"footnotes":""},"yoast_head":"<!-- This site is optimized with the Yoast SEO plugin v21.5 - https:\/\/yoast.com\/wordpress\/plugins\/seo\/ -->\n<title>Kontakt - Divesar Autokool<\/title>\n<meta name=\"description\" content=\"Divesar Autokool. Tallinn P\u00c4RNU MNT 150 Tallinna T\u00f5nism\u00e4e Reaalkool. E-mail: divesarou@gmail.com Telefon: 55515222\" \/>\n<meta name=\"robots\" content=\"index, follow, max-snippet:-1, max-image-preview:large, max-video-preview:-1\" \/>\n<link rel=\"canonical\" href=\"https:\/\/divesar.ee\/ru\/kontakt\/\" \/>\n<meta property=\"og:locale\" content=\"ru_RU\" \/>\n<meta property=\"og:type\" content=\"article\" \/>\n<meta property=\"og:title\" content=\"Kontakt - Divesar Autokool\" \/>\n<meta property=\"og:description\" content=\"Divesar Autokool. Tallinn P\u00c4RNU MNT 150 Tallinna T\u00f5nism\u00e4e Reaalkool. E-mail: divesarou@gmail.com Telefon: 55515222\" \/>\n<meta property=\"og:url\" content=\"https:\/\/divesar.ee\/ru\/kontakt\/\" \/>\n<meta property=\"og:site_name\" content=\"Divesar Autokool\" \/>\n<meta property=\"article:publisher\" content=\"https:\/\/www.facebook.com\/divesar\" \/>\n<meta property=\"article:modified_time\" content=\"2024-03-19T11:29:16+00:00\" \/>\n<meta name=\"twitter:card\" content=\"summary_large_image\" \/>\n<meta name=\"twitter:label1\" content=\"\u041f\u0440\u0438\u043c\u0435\u0440\u043d\u043e\u0435 \u0432\u0440\u0435\u043c\u044f \u0434\u043b\u044f \u0447\u0442\u0435\u043d\u0438\u044f\" \/>\n\t<meta name=\"twitter:data1\" content=\"1 \u043c\u0438\u043d\u0443\u0442\u0430\" \/>\n<script type=\"application\/ld+json\" class=\"yoast-schema-graph\">{\"@context\":\"https:\/\/schema.org\",\"@graph\":[{\"@type\":\"WebPage\",\"@id\":\"https:\/\/divesar.ee\/kontakt\/\",\"url\":\"https:\/\/divesar.ee\/kontakt\/\",\"name\":\"Kontakt - Divesar Autokool\",\"isPartOf\":{\"@id\":\"https:\/\/divesar.ee\/#website\"},\"datePublished\":\"2024-03-18T18:56:19+00:00\",\"dateModified\":\"2024-03-19T11:29:16+00:00\",\"description\":\"Divesar Autokool. Tallinn P\u00c4RNU MNT 150 Tallinna T\u00f5nism\u00e4e Reaalkool. E-mail: divesarou@gmail.com Telefon: 55515222\",\"breadcrumb\":{\"@id\":\"https:\/\/divesar.ee\/kontakt\/#breadcrumb\"},\"inLanguage\":\"ru-RU\",\"potentialAction\":[{\"@type\":\"ReadAction\",\"target\":[\"https:\/\/divesar.ee\/kontakt\/\"]}]},{\"@type\":\"BreadcrumbList\",\"@id\":\"https:\/\/divesar.ee\/kontakt\/#breadcrumb\",\"itemListElement\":[{\"@type\":\"ListItem\",\"position\":1,\"name\":\"Home\",\"item\":\"https:\/\/divesar.ee\/\"},{\"@type\":\"ListItem\",\"position\":2,\"name\":\"Kontakt\"}]},{\"@type\":\"WebSite\",\"@id\":\"https:\/\/divesar.ee\/#website\",\"url\":\"https:\/\/divesar.ee\/\",\"name\":\"Divesar Autokool\",\"description\":\"Divesar Autokool\",\"publisher\":{\"@id\":\"https:\/\/divesar.ee\/#organization\"},\"potentialAction\":[{\"@type\":\"SearchAction\",\"target\":{\"@type\":\"EntryPoint\",\"urlTemplate\":\"https:\/\/divesar.ee\/?s={search_term_string}\"},\"query-input\":\"required name=search_term_string\"}],\"inLanguage\":\"ru-RU\"},{\"@type\":\"Organization\",\"@id\":\"https:\/\/divesar.ee\/#organization\",\"name\":\"Divesar Autokool\",\"url\":\"https:\/\/divesar.ee\/\",\"logo\":{\"@type\":\"ImageObject\",\"inLanguage\":\"ru-RU\",\"@id\":\"https:\/\/divesar.ee\/#\/schema\/logo\/image\/\",\"url\":\"https:\/\/divesar.ee\/wp-content\/uploads\/2023\/12\/minilog.png\",\"contentUrl\":\"https:\/\/divesar.ee\/wp-content\/uploads\/2023\/12\/minilog.png\",\"width\":208,\"height\":80,\"caption\":\"Divesar Autokool\"},\"image\":{\"@id\":\"https:\/\/divesar.ee\/#\/schema\/logo\/image\/\"},\"sameAs\":[\"https:\/\/www.facebook.com\/divesar\"]}]}<\/script>\n<!-- \/ Yoast SEO plugin. -->","yoast_head_json":{"title":"Kontakt - Divesar Autokool","description":"Divesar Autokool. Tallinn P\u00c4RNU MNT 150 Tallinna T\u00f5nism\u00e4e Reaalkool. E-mail: divesarou@gmail.com Telefon: 55515222","robots":{"index":"index","follow":"follow","max-snippet":"max-snippet:-1","max-image-preview":"max-image-preview:large","max-video-preview":"max-video-preview:-1"},"canonical":"https:\/\/divesar.ee\/ru\/kontakt\/","og_locale":"ru_RU","og_type":"article","og_title":"Kontakt - Divesar Autokool","og_description":"Divesar Autokool. Tallinn P\u00c4RNU MNT 150 Tallinna T\u00f5nism\u00e4e Reaalkool. E-mail: divesarou@gmail.com Telefon: 55515222","og_url":"https:\/\/divesar.ee\/ru\/kontakt\/","og_site_name":"Divesar Autokool","article_publisher":"https:\/\/www.facebook.com\/divesar","article_modified_time":"2024-03-19T11:29:16+00:00","twitter_card":"summary_large_image","twitter_misc":{"\u041f\u0440\u0438\u043c\u0435\u0440\u043d\u043e\u0435 \u0432\u0440\u0435\u043c\u044f \u0434\u043b\u044f \u0447\u0442\u0435\u043d\u0438\u044f":"1 \u043c\u0438\u043d\u0443\u0442\u0430"},"schema":{"@context":"https:\/\/schema.org","@graph":[{"@type":"WebPage","@id":"https:\/\/divesar.ee\/kontakt\/","url":"https:\/\/divesar.ee\/kontakt\/","name":"Kontakt - Divesar Autokool","isPartOf":{"@id":"https:\/\/divesar.ee\/#website"},"datePublished":"2024-03-18T18:56:19+00:00","dateModified":"2024-03-19T11:29:16+00:00","description":"Divesar Autokool. Tallinn P\u00c4RNU MNT 150 Tallinna T\u00f5nism\u00e4e Reaalkool. E-mail: divesarou@gmail.com Telefon: 55515222","breadcrumb":{"@id":"https:\/\/divesar.ee\/kontakt\/#breadcrumb"},"inLanguage":"ru-RU","potentialAction":[{"@type":"ReadAction","target":["https:\/\/divesar.ee\/kontakt\/"]}]},{"@type":"BreadcrumbList","@id":"https:\/\/divesar.ee\/kontakt\/#breadcrumb","itemListElement":[{"@type":"ListItem","position":1,"name":"Home","item":"https:\/\/divesar.ee\/"},{"@type":"ListItem","position":2,"name":"Kontakt"}]},{"@type":"WebSite","@id":"https:\/\/divesar.ee\/#website","url":"https:\/\/divesar.ee\/","name":"Divesar Autokool","description":"Divesar Autokool","publisher":{"@id":"https:\/\/divesar.ee\/#organization"},"potentialAction":[{"@type":"SearchAction","target":{"@type":"EntryPoint","urlTemplate":"https:\/\/divesar.ee\/?s={search_term_string}"},"query-input":"required name=search_term_string"}],"inLanguage":"ru-RU"},{"@type":"Organization","@id":"https:\/\/divesar.ee\/#organization","name":"Divesar Autokool","url":"https:\/\/divesar.ee\/","logo":{"@type":"ImageObject","inLanguage":"ru-RU","@id":"https:\/\/divesar.ee\/#\/schema\/logo\/image\/","url":"https:\/\/divesar.ee\/wp-content\/uploads\/2023\/12\/minilog.png","contentUrl":"https:\/\/divesar.ee\/wp-content\/uploads\/2023\/12\/minilog.png","width":208,"height":80,"caption":"Divesar Autokool"},"image":{"@id":"https:\/\/divesar.ee\/#\/schema\/logo\/image\/"},"sameAs":["https:\/\/www.facebook.com\/divesar"]}]}},"_links":{"self":[{"href":"https:\/\/divesar.ee\/ru\/wp-json\/wp\/v2\/pages\/264"}],"collection":[{"href":"https:\/\/divesar.ee\/ru\/wp-json\/wp\/v2\/pages"}],"about":[{"href":"https:\/\/divesar.ee\/ru\/wp-json\/wp\/v2\/types\/page"}],"author":[{"embeddable":true,"href":"https:\/\/divesar.ee\/ru\/wp-json\/wp\/v2\/users\/1"}],"replies":[{"embeddable":true,"href":"https:\/\/divesar.ee\/ru\/wp-json\/wp\/v2\/comments?post=264"}],"version-history":[{"count":18,"href":"https:\/\/divesar.ee\/ru\/wp-json\/wp\/v2\/pages\/264\/revisions"}],"predecessor-version":[{"id":1391,"href":"https:\/\/divesar.ee\/ru\/wp-json\/wp\/v2\/pages\/264\/revisions\/1391"}],"wp:attachment":[{"href":"https:\/\/divesar.ee\/ru\/wp-json\/wp\/v2\/media?parent=264"}],"curies":[{"name":"wp","href":"https:\/\/api.w.org\/{rel}","templated":true}]}}