{"id":254,"date":"2024-03-18T21:02:57","date_gmt":"2024-03-18T19:02:57","guid":{"rendered":"http:\/\/divesar.ee\/?page_id=254"},"modified":"2024-11-13T16:23:06","modified_gmt":"2024-11-13T14:23:06","slug":"registreeri","status":"publish","type":"page","link":"https:\/\/divesar.ee\/ru\/registreeri\/","title":{"rendered":"\u0420\u0435\u0433\u0438\u0441\u0442\u0440\u0430\u0446\u0438\u044f"},"content":{"rendered":"<p>[et_pb_section fb_built=&#8221;1&#8243; _builder_version=&#8221;4.7.7&#8243; _module_preset=&#8221;default&#8221; background_image=&#8221;https:\/\/divesar.ee\/wp-content\/uploads\/2023\/11\/imgpsh_fullsize_anim-3-1.jpg&#8221; animation_style=&#8221;fade&#8221;][et_pb_row _builder_version=&#8221;4.7.7&#8243; _module_preset=&#8221;default&#8221; background_color=&#8221;#ffffff&#8221; custom_padding=&#8221;||0px|||&#8221; border_radii=&#8221;off|28px|28px||&#8221;][et_pb_column type=&#8221;4_4&#8243; _builder_version=&#8221;4.7.7&#8243; _module_preset=&#8221;default&#8221;][et_pb_text _builder_version=&#8221;4.7.7&#8243; _module_preset=&#8221;default&#8221; custom_margin=&#8221;-21px|||||&#8221; custom_padding=&#8221;12px||0px|||&#8221;]<\/p>\n<h1 style=\"text-align: center;\"><strong>\u0420\u0435\u0433\u0438\u0441\u0442\u0440\u0430\u0446\u0438\u044f<\/strong><\/h1>\n<p>[\/et_pb_text][\/et_pb_column][\/et_pb_row][et_pb_row column_structure=&#8221;1_2,1_2&#8243; _builder_version=&#8221;4.7.7&#8243; _module_preset=&#8221;default&#8221; background_color=&#8221;#ffffff&#8221; min_height=&#8221;506px&#8221; border_radii=&#8221;off|||26px|26px&#8221; border_width_all=&#8221;44px&#8221; border_color_all=&#8221;#ffffff&#8221;][et_pb_column type=&#8221;1_2&#8243; _builder_version=&#8221;4.7.7&#8243; _module_preset=&#8221;default&#8221;][et_pb_contact_form email=&#8221;divesarou@gmail.com&#8221; success_message=&#8221;Olete registreeritud koolitusele! V\u00f5tame Teiega l\u00e4hiajal \u00fchendust!&#8221; submit_button_text=&#8221;Registreeri&#8221; _builder_version=&#8221;4.7.7&#8243; _module_preset=&#8221;18bf21fb-895f-4651-b00a-c0916e57e663&#8243; button_text_color=&#8221;#1E0E67&#8243; button_border_color=&#8221;#1E0E67&#8243; button_font=&#8221;Abel|700|||||||&#8221; hover_enabled=&#8221;0&#8243; sticky_enabled=&#8221;0&#8243;][et_pb_contact_field field_id=&#8221;Eesnimi&#8221; field_title=&#8221;Eesnimi*&#8221; _builder_version=&#8221;4.7.7&#8243; button_text_size__hover_enabled=&#8221;off&#8221; button_one_text_size__hover_enabled=&#8221;off&#8221; button_two_text_size__hover_enabled=&#8221;off&#8221; button_text_color__hover_enabled=&#8221;off&#8221; button_one_text_color__hover_enabled=&#8221;off&#8221; button_two_text_color__hover_enabled=&#8221;off&#8221; button_border_width__hover_enabled=&#8221;off&#8221; button_one_border_width__hover_enabled=&#8221;off&#8221; button_two_border_width__hover_enabled=&#8221;off&#8221; button_border_color__hover_enabled=&#8221;off&#8221; button_one_border_color__hover_enabled=&#8221;off&#8221; button_two_border_color__hover_enabled=&#8221;off&#8221; button_border_radius__hover_enabled=&#8221;off&#8221; button_one_border_radius__hover_enabled=&#8221;off&#8221; button_two_border_radius__hover_enabled=&#8221;off&#8221; button_letter_spacing__hover_enabled=&#8221;off&#8221; button_one_letter_spacing__hover_enabled=&#8221;off&#8221; button_two_letter_spacing__hover_enabled=&#8221;off&#8221; button_bg_color__hover_enabled=&#8221;off&#8221; button_one_bg_color__hover_enabled=&#8221;off&#8221; button_two_bg_color__hover_enabled=&#8221;off&#8221;][\/et_pb_contact_field][et_pb_contact_field field_id=&#8221;Perenimi&#8221; field_title=&#8221;Perenimi*&#8221; _builder_version=&#8221;4.7.7&#8243; button_text_size__hover_enabled=&#8221;off&#8221; button_one_text_size__hover_enabled=&#8221;off&#8221; button_two_text_size__hover_enabled=&#8221;off&#8221; button_text_color__hover_enabled=&#8221;off&#8221; button_one_text_color__hover_enabled=&#8221;off&#8221; button_two_text_color__hover_enabled=&#8221;off&#8221; button_border_width__hover_enabled=&#8221;off&#8221; button_one_border_width__hover_enabled=&#8221;off&#8221; button_two_border_width__hover_enabled=&#8221;off&#8221; button_border_color__hover_enabled=&#8221;off&#8221; button_one_border_color__hover_enabled=&#8221;off&#8221; button_two_border_color__hover_enabled=&#8221;off&#8221; button_border_radius__hover_enabled=&#8221;off&#8221; button_one_border_radius__hover_enabled=&#8221;off&#8221; button_two_border_radius__hover_enabled=&#8221;off&#8221; button_letter_spacing__hover_enabled=&#8221;off&#8221; button_one_letter_spacing__hover_enabled=&#8221;off&#8221; button_two_letter_spacing__hover_enabled=&#8221;off&#8221; button_bg_color__hover_enabled=&#8221;off&#8221; button_one_bg_color__hover_enabled=&#8221;off&#8221; button_two_bg_color__hover_enabled=&#8221;off&#8221;][\/et_pb_contact_field][et_pb_contact_field field_id=&#8221;Isikukood&#8221; field_title=&#8221;Isikukood*&#8221; allowed_symbols=&#8221;numbers&#8221; fullwidth_field=&#8221;on&#8221; _builder_version=&#8221;4.7.7&#8243; _module_preset=&#8221;default&#8221;][\/et_pb_contact_field][et_pb_contact_field field_id=&#8221;Telefon&#8221; field_title=&#8221;Telefon*&#8221; fullwidth_field=&#8221;on&#8221; _builder_version=&#8221;4.7.7&#8243; _module_preset=&#8221;default&#8221;][\/et_pb_contact_field][et_pb_contact_field field_id=&#8221;E-mail&#8221; field_title=&#8221;E-mail*&#8221; field_type=&#8221;email&#8221; fullwidth_field=&#8221;on&#8221; _builder_version=&#8221;4.7.7&#8243; _module_preset=&#8221;default&#8221;][\/et_pb_contact_field][et_pb_contact_field field_id=&#8221;Koolitus&#8221; field_title=&#8221;Koolitus*&#8221; field_type=&#8221;select&#8221; select_options=&#8221;%91{%22value%22:%22B-kategooria koolitus%22,%22checked%22:0,%22dragID%22:-1},{%22value%22:%22A-kategooria koolitus%22,%22checked%22:0,%22dragID%22:0},{%22value%22:%22L\u00f5ppastme koolitus%22,%22checked%22:0,%22dragID%22:1},{%22value%22:%22Pimeda aja koolitus%22,%22checked%22:0,%22dragID%22:2},{%22value%22:%22Libedas\u00f5idu koolitus%22,%22checked%22:0,%22dragID%22:4},{%22value%22:%22Esmaabi koolitus%22,%22checked%22:0,%22dragID%22:3}%93&#8243; fullwidth_field=&#8221;on&#8221; _builder_version=&#8221;4.7.7&#8243; _module_preset=&#8221;default&#8221; hover_enabled=&#8221;0&#8243; sticky_enabled=&#8221;0&#8243;][\/et_pb_contact_field][et_pb_contact_field fullwidth_field=&#8221;on&#8221; _builder_version=&#8221;4.7.7&#8243; _module_preset=&#8221;default&#8221; hover_enabled=&#8221;0&#8243; sticky_enabled=&#8221;0&#8243; field_id=&#8221;Keel&#8221; field_title=&#8221;Keel*&#8221;][\/et_pb_contact_field][\/et_pb_contact_form][\/et_pb_column][et_pb_column type=&#8221;1_2&#8243; _builder_version=&#8221;4.7.7&#8243; _module_preset=&#8221;default&#8221;][et_pb_image src=&#8221;https:\/\/divesar.ee\/wp-content\/uploads\/2020\/12\/divesar_trans.png&#8221; title_text=&#8221;divesar_trans&#8221; _builder_version=&#8221;4.7.7&#8243; _module_preset=&#8221;default&#8221;][\/et_pb_image][\/et_pb_column][\/et_pb_row][\/et_pb_section]<\/p>","protected":false},"excerpt":{"rendered":"<p>[et_pb_section fb_built=&#8221;1&#8243; _builder_version=&#8221;4.7.7&#8243; _module_preset=&#8221;default&#8221; background_image=&#8221;https:\/\/divesar.ee\/wp-content\/uploads\/2023\/11\/imgpsh_fullsize_anim-3-1.jpg&#8221; animation_style=&#8221;fade&#8221;][et_pb_row _builder_version=&#8221;4.7.7&#8243; _module_preset=&#8221;default&#8221; background_color=&#8221;#ffffff&#8221; custom_padding=&#8221;||0px|||&#8221; border_radii=&#8221;off|28px|28px||&#8221;][et_pb_column type=&#8221;4_4&#8243; _builder_version=&#8221;4.7.7&#8243; _module_preset=&#8221;default&#8221;][et_pb_text _builder_version=&#8221;4.7.7&#8243; _module_preset=&#8221;default&#8221; custom_margin=&#8221;-21px|||||&#8221; custom_padding=&#8221;12px||0px|||&#8221;] Registreeri [\/et_pb_text][\/et_pb_column][\/et_pb_row][et_pb_row column_structure=&#8221;1_2,1_2&#8243; _builder_version=&#8221;4.7.7&#8243; _module_preset=&#8221;default&#8221; background_color=&#8221;#ffffff&#8221; min_height=&#8221;506px&#8221; border_radii=&#8221;off|||26px|26px&#8221; border_width_all=&#8221;44px&#8221; border_color_all=&#8221;#ffffff&#8221;][et_pb_column type=&#8221;1_2&#8243; _builder_version=&#8221;4.7.7&#8243; _module_preset=&#8221;default&#8221;][et_pb_contact_form email=&#8221;divesarou@gmail.com&#8221; success_message=&#8221;Olete registreeritud koolitusele! V\u00f5tame Teiega l\u00e4hiajal \u00fchendust!&#8221; submit_button_text=&#8221;Registreeri&#8221; _builder_version=&#8221;4.7.7&#8243; _module_preset=&#8221;18bf21fb-895f-4651-b00a-c0916e57e663&#8243; button_text_color=&#8221;#1E0E67&#8243; button_border_color=&#8221;#1E0E67&#8243; button_font=&#8221;Abel|700|||||||&#8221; hover_enabled=&#8221;0&#8243; sticky_enabled=&#8221;0&#8243;][et_pb_contact_field field_id=&#8221;Eesnimi&#8221; field_title=&#8221;Eesnimi*&#8221; _builder_version=&#8221;4.7.7&#8243; button_text_size__hover_enabled=&#8221;off&#8221; button_one_text_size__hover_enabled=&#8221;off&#8221; button_two_text_size__hover_enabled=&#8221;off&#8221; button_text_color__hover_enabled=&#8221;off&#8221; button_one_text_color__hover_enabled=&#8221;off&#8221; [&hellip;]<\/p>","protected":false},"author":1,"featured_media":0,"parent":0,"menu_order":0,"comment_status":"closed","ping_status":"closed","template":"","meta":{"_et_pb_use_builder":"on","_et_pb_old_content":"","_et_gb_content_width":"","inline_featured_image":false,"footnotes":""},"yoast_head":"<!-- This site is optimized with the Yoast SEO plugin v21.5 - https:\/\/yoast.com\/wordpress\/plugins\/seo\/ -->\n<title>Registreeri - Divesar Autokool<\/title>\n<meta name=\"description\" content=\"Registreeri A-kategooria, B-kategooria, L\u00f5ppastme, Pimeda aja, Libedas\u00f5idu, Esmaabi koolitusele\" \/>\n<meta name=\"robots\" content=\"index, follow, max-snippet:-1, max-image-preview:large, max-video-preview:-1\" \/>\n<link rel=\"canonical\" href=\"https:\/\/divesar.ee\/ru\/registreeri\/\" \/>\n<meta property=\"og:locale\" content=\"ru_RU\" \/>\n<meta property=\"og:type\" content=\"article\" \/>\n<meta property=\"og:title\" content=\"Registreeri - Divesar Autokool\" \/>\n<meta property=\"og:description\" content=\"Registreeri A-kategooria, B-kategooria, L\u00f5ppastme, Pimeda aja, Libedas\u00f5idu, Esmaabi koolitusele\" \/>\n<meta property=\"og:url\" content=\"https:\/\/divesar.ee\/ru\/registreeri\/\" \/>\n<meta property=\"og:site_name\" content=\"Divesar Autokool\" \/>\n<meta property=\"article:publisher\" content=\"https:\/\/www.facebook.com\/divesar\" \/>\n<meta property=\"article:modified_time\" content=\"2024-11-13T14:23:06+00:00\" \/>\n<meta name=\"twitter:card\" content=\"summary_large_image\" \/>\n<meta name=\"twitter:label1\" content=\"\u041f\u0440\u0438\u043c\u0435\u0440\u043d\u043e\u0435 \u0432\u0440\u0435\u043c\u044f \u0434\u043b\u044f \u0447\u0442\u0435\u043d\u0438\u044f\" \/>\n\t<meta name=\"twitter:data1\" content=\"1 \u043c\u0438\u043d\u0443\u0442\u0430\" \/>\n<script type=\"application\/ld+json\" class=\"yoast-schema-graph\">{\"@context\":\"https:\/\/schema.org\",\"@graph\":[{\"@type\":\"WebPage\",\"@id\":\"https:\/\/divesar.ee\/registreeri\/\",\"url\":\"https:\/\/divesar.ee\/registreeri\/\",\"name\":\"Registreeri - Divesar Autokool\",\"isPartOf\":{\"@id\":\"https:\/\/divesar.ee\/#website\"},\"datePublished\":\"2024-03-18T19:02:57+00:00\",\"dateModified\":\"2024-11-13T14:23:06+00:00\",\"description\":\"Registreeri A-kategooria, B-kategooria, L\u00f5ppastme, Pimeda aja, Libedas\u00f5idu, Esmaabi koolitusele\",\"breadcrumb\":{\"@id\":\"https:\/\/divesar.ee\/registreeri\/#breadcrumb\"},\"inLanguage\":\"ru-RU\",\"potentialAction\":[{\"@type\":\"ReadAction\",\"target\":[\"https:\/\/divesar.ee\/registreeri\/\"]}]},{\"@type\":\"BreadcrumbList\",\"@id\":\"https:\/\/divesar.ee\/registreeri\/#breadcrumb\",\"itemListElement\":[{\"@type\":\"ListItem\",\"position\":1,\"name\":\"Home\",\"item\":\"https:\/\/divesar.ee\/\"},{\"@type\":\"ListItem\",\"position\":2,\"name\":\"Registreeri\"}]},{\"@type\":\"WebSite\",\"@id\":\"https:\/\/divesar.ee\/#website\",\"url\":\"https:\/\/divesar.ee\/\",\"name\":\"Divesar Autokool\",\"description\":\"Divesar Autokool\",\"publisher\":{\"@id\":\"https:\/\/divesar.ee\/#organization\"},\"potentialAction\":[{\"@type\":\"SearchAction\",\"target\":{\"@type\":\"EntryPoint\",\"urlTemplate\":\"https:\/\/divesar.ee\/?s={search_term_string}\"},\"query-input\":\"required name=search_term_string\"}],\"inLanguage\":\"ru-RU\"},{\"@type\":\"Organization\",\"@id\":\"https:\/\/divesar.ee\/#organization\",\"name\":\"Divesar Autokool\",\"url\":\"https:\/\/divesar.ee\/\",\"logo\":{\"@type\":\"ImageObject\",\"inLanguage\":\"ru-RU\",\"@id\":\"https:\/\/divesar.ee\/#\/schema\/logo\/image\/\",\"url\":\"https:\/\/divesar.ee\/wp-content\/uploads\/2023\/12\/minilog.png\",\"contentUrl\":\"https:\/\/divesar.ee\/wp-content\/uploads\/2023\/12\/minilog.png\",\"width\":208,\"height\":80,\"caption\":\"Divesar Autokool\"},\"image\":{\"@id\":\"https:\/\/divesar.ee\/#\/schema\/logo\/image\/\"},\"sameAs\":[\"https:\/\/www.facebook.com\/divesar\"]}]}<\/script>\n<!-- \/ Yoast SEO plugin. -->","yoast_head_json":{"title":"Registreeri - Divesar Autokool","description":"Registreeri A-kategooria, B-kategooria, L\u00f5ppastme, Pimeda aja, Libedas\u00f5idu, Esmaabi koolitusele","robots":{"index":"index","follow":"follow","max-snippet":"max-snippet:-1","max-image-preview":"max-image-preview:large","max-video-preview":"max-video-preview:-1"},"canonical":"https:\/\/divesar.ee\/ru\/registreeri\/","og_locale":"ru_RU","og_type":"article","og_title":"Registreeri - Divesar Autokool","og_description":"Registreeri A-kategooria, B-kategooria, L\u00f5ppastme, Pimeda aja, Libedas\u00f5idu, Esmaabi koolitusele","og_url":"https:\/\/divesar.ee\/ru\/registreeri\/","og_site_name":"Divesar Autokool","article_publisher":"https:\/\/www.facebook.com\/divesar","article_modified_time":"2024-11-13T14:23:06+00:00","twitter_card":"summary_large_image","twitter_misc":{"\u041f\u0440\u0438\u043c\u0435\u0440\u043d\u043e\u0435 \u0432\u0440\u0435\u043c\u044f \u0434\u043b\u044f \u0447\u0442\u0435\u043d\u0438\u044f":"1 \u043c\u0438\u043d\u0443\u0442\u0430"},"schema":{"@context":"https:\/\/schema.org","@graph":[{"@type":"WebPage","@id":"https:\/\/divesar.ee\/registreeri\/","url":"https:\/\/divesar.ee\/registreeri\/","name":"Registreeri - Divesar Autokool","isPartOf":{"@id":"https:\/\/divesar.ee\/#website"},"datePublished":"2024-03-18T19:02:57+00:00","dateModified":"2024-11-13T14:23:06+00:00","description":"Registreeri A-kategooria, B-kategooria, L\u00f5ppastme, Pimeda aja, Libedas\u00f5idu, Esmaabi koolitusele","breadcrumb":{"@id":"https:\/\/divesar.ee\/registreeri\/#breadcrumb"},"inLanguage":"ru-RU","potentialAction":[{"@type":"ReadAction","target":["https:\/\/divesar.ee\/registreeri\/"]}]},{"@type":"BreadcrumbList","@id":"https:\/\/divesar.ee\/registreeri\/#breadcrumb","itemListElement":[{"@type":"ListItem","position":1,"name":"Home","item":"https:\/\/divesar.ee\/"},{"@type":"ListItem","position":2,"name":"Registreeri"}]},{"@type":"WebSite","@id":"https:\/\/divesar.ee\/#website","url":"https:\/\/divesar.ee\/","name":"Divesar Autokool","description":"Divesar Autokool","publisher":{"@id":"https:\/\/divesar.ee\/#organization"},"potentialAction":[{"@type":"SearchAction","target":{"@type":"EntryPoint","urlTemplate":"https:\/\/divesar.ee\/?s={search_term_string}"},"query-input":"required name=search_term_string"}],"inLanguage":"ru-RU"},{"@type":"Organization","@id":"https:\/\/divesar.ee\/#organization","name":"Divesar Autokool","url":"https:\/\/divesar.ee\/","logo":{"@type":"ImageObject","inLanguage":"ru-RU","@id":"https:\/\/divesar.ee\/#\/schema\/logo\/image\/","url":"https:\/\/divesar.ee\/wp-content\/uploads\/2023\/12\/minilog.png","contentUrl":"https:\/\/divesar.ee\/wp-content\/uploads\/2023\/12\/minilog.png","width":208,"height":80,"caption":"Divesar Autokool"},"image":{"@id":"https:\/\/divesar.ee\/#\/schema\/logo\/image\/"},"sameAs":["https:\/\/www.facebook.com\/divesar"]}]}},"_links":{"self":[{"href":"https:\/\/divesar.ee\/ru\/wp-json\/wp\/v2\/pages\/254"}],"collection":[{"href":"https:\/\/divesar.ee\/ru\/wp-json\/wp\/v2\/pages"}],"about":[{"href":"https:\/\/divesar.ee\/ru\/wp-json\/wp\/v2\/types\/page"}],"author":[{"embeddable":true,"href":"https:\/\/divesar.ee\/ru\/wp-json\/wp\/v2\/users\/1"}],"replies":[{"embeddable":true,"href":"https:\/\/divesar.ee\/ru\/wp-json\/wp\/v2\/comments?post=254"}],"version-history":[{"count":16,"href":"https:\/\/divesar.ee\/ru\/wp-json\/wp\/v2\/pages\/254\/revisions"}],"predecessor-version":[{"id":1425,"href":"https:\/\/divesar.ee\/ru\/wp-json\/wp\/v2\/pages\/254\/revisions\/1425"}],"wp:attachment":[{"href":"https:\/\/divesar.ee\/ru\/wp-json\/wp\/v2\/media?parent=254"}],"curies":[{"name":"wp","href":"https:\/\/api.w.org\/{rel}","templated":true}]}}