{"id":1284,"date":"2024-03-18T21:07:02","date_gmt":"2024-03-18T19:07:02","guid":{"rendered":"https:\/\/divesar.ee\/?page_id=1284"},"modified":"2025-02-21T18:59:04","modified_gmt":"2025-02-21T16:59:04","slug":"esmaabi-koolitus","status":"publish","type":"page","link":"https:\/\/divesar.ee\/ru\/esmaabi-koolitus\/","title":{"rendered":"Esmaabi"},"content":{"rendered":"[et_pb_section fb_built=&#8221;1&#8243; admin_label=&#8221;section&#8221; _builder_version=&#8221;4.7.7&#8243; background_color=&#8221;rgba(0,0,0,0)&#8221; background_image=&#8221;https:\/\/divesar.ee\/wp-content\/uploads\/2023\/11\/imgpsh_fullsize_anim-3-1.jpg&#8221;][et_pb_row admin_label=&#8221;row&#8221; _builder_version=&#8221;4.7.7&#8243; background_color=&#8221;#ffffff&#8221; background_size=&#8221;initial&#8221; background_position=&#8221;top_left&#8221; background_repeat=&#8221;repeat&#8221; height=&#8221;661px&#8221; height_tablet=&#8221;&#8221; height_phone=&#8221;769px&#8221; height_last_edited=&#8221;on|phone&#8221; border_radii=&#8221;on|30px|30px|30px|30px&#8221; border_width_all=&#8221;15px&#8221; border_color_all=&#8221;#ffffff&#8221;][et_pb_column type=&#8221;4_4&#8243; _builder_version=&#8221;3.25&#8243; custom_padding=&#8221;|||&#8221; custom_padding__hover=&#8221;|||&#8221;][et_pb_slider use_bg_overlay=&#8221;on&#8221; _builder_version=&#8221;4.7.7&#8243; _module_preset=&#8221;default&#8221; height=&#8221;269px&#8221; custom_padding=&#8221;0px||20px||false|false&#8221;][et_pb_slide heading=&#8221;Esmaabi koolitus&#8221; button_text=&#8221;Registreeri&#8221; button_link=&#8221;https:\/\/divesar.ee\/registreeri\/&#8221; _builder_version=&#8221;4.7.7&#8243; _module_preset=&#8221;default&#8221; background_image=&#8221;https:\/\/divesar.ee\/wp-content\/uploads\/2024\/01\/car-accident-injuries-to-arms-and-legs.jpg&#8221; background_enable_image=&#8221;on&#8221; parallax=&#8221;on&#8221; parallax_method=&#8221;off&#8221; sticky_transition=&#8221;on&#8221;][\/et_pb_slide][\/et_pb_slider][et_pb_text _builder_version=&#8221;4.7.7&#8243; _module_preset=&#8221;default&#8221; background_color=&#8221;rgba(63,232,255,0.23)&#8221; width=&#8221;100%&#8221; border_radii=&#8221;on|16px|16px|16px|16px&#8221; border_width_all=&#8221;20px&#8221; border_color_all=&#8221;rgba(63,232,255,0)&#8221;]<h2><strong>\u0427\u0442\u043e \u0432\u0445\u043e\u0434\u0438\u0442 \u0432 \u043a\u0443\u0440\u0441?<\/strong><\/h2>\n<ul>\n<li>\n<h3><strong>\u0422\u0435\u043e\u0440\u0435\u0442\u0438\u0447\u0435\u0441\u043a\u0438\u0439 \u043a\u0443\u0440\u0441<\/strong><\/h3>\n<\/li>\n<li>\n<h3><strong>\u041f\u0440\u0430\u043a\u0442\u0438\u0447\u0435\u0441\u043a\u0430\u044f \u043f\u043e\u0434\u0433\u043e\u0442\u043e\u0432\u043a\u0430<\/strong><\/h3>\n<\/li>\n<li>\n<h3><strong>Hind &#8211; 60\u20ac<\/strong><\/h3>\n<\/li>\n<\/ul>[\/et_pb_text][et_pb_text admin_label=&#8221;Text&#8221; _builder_version=&#8221;4.7.7&#8243; background_size=&#8221;initial&#8221; background_position=&#8221;top_left&#8221; background_repeat=&#8221;repeat&#8221; min_height=&#8221;183px&#8221; height=&#8221;100px&#8221; custom_margin=&#8221;-2px||-1px|||&#8221; custom_padding=&#8221;0px|||||&#8221;]<h1 style=\"text-align: center;\"><\/h1>\n<h4 class=\"wp-block-heading\"><strong>\u041e\u043f\u0438\u0441\u0430\u043d\u0438\u0435 \u043a\u0443\u0440\u0441\u0430<\/strong><\/h4>\n<h4 style=\"text-align: center;\"><strong> <\/strong><\/h4>\n<h4><strong>\u0412\u043e\u0434\u0438\u0442\u0435\u043b\u044c \u0434\u043e\u043b\u0436\u0435\u043d \u0431\u044b\u0442\u044c \u0433\u043e\u0442\u043e\u0432 \u043e\u043a\u0430\u0437\u0430\u0442\u044c \u043f\u043e\u043c\u043e\u0449\u044c \u043f\u043e\u0441\u0442\u0440\u0430\u0434\u0430\u0432\u0448\u0438\u043c \u0432 \u0414\u0422\u041f \u0443\u0447\u0430\u0441\u0442\u043d\u0438\u043a\u0430\u043c \u0434\u043e\u0440\u043e\u0436\u043d\u043e\u0433\u043e \u0434\u0432\u0438\u0436\u0435\u043d\u0438\u044f \u0434\u043e \u043f\u0440\u0438\u0435\u0437\u0434\u0430 \u0441\u043a\u043e\u0440\u043e\u0439 \u043f\u043e\u043c\u043e\u0449\u0438. \u041e\u0431\u0443\u0447\u0435\u043d\u0438\u0435 \u0434\u043b\u0438\u0442\u0441\u044f 16 \u0447\u0430\u0441\u043e\u0432, \u0438\u0437 \u043d\u0438\u0445 11 \u0447\u0430\u0441\u043e\u0432 \u0443\u0445\u043e\u0434\u0438\u0442 \u043d\u0430 \u044d\u043b\u0435\u043a\u0442\u0440\u043e\u043d\u043d\u043e\u0435 \u043e\u0431\u0443\u0447\u0435\u043d\u0438\u0435 \u0438 5 \u0447\u0430\u0441\u043e\u0432 \u043d\u0430 \u043f\u0440\u0430\u043a\u0442\u0438\u043a\u0443 \u0432 \u0437\u0430\u043f\u043b\u0430\u043d\u0438\u0440\u043e\u0432\u0430\u043d\u043d\u044b\u0439 \u0434\u0435\u043d\u044c \u043e\u0431\u0443\u0447\u0435\u043d\u0438\u044f.<\/strong><\/h4>\n<h1 style=\"text-align: center;\"><\/h1>\n<p>&nbsp;<\/p>\n<p><\/p>\n<h2 class=\"wp-block-heading has-medium-font-size\" id=\"millal-toimuvad-kursused\"><\/h2>\n<ul><\/ul>\n<p><\/p>\n<p><!-- \/wp:group --><\/p>[\/et_pb_text][\/et_pb_column][\/et_pb_row][\/et_pb_section]","protected":false},"excerpt":{"rendered":"<p>[et_pb_section fb_built=&#8221;1&#8243; admin_label=&#8221;section&#8221; _builder_version=&#8221;4.7.7&#8243; background_color=&#8221;rgba(0,0,0,0)&#8221; background_image=&#8221;https:\/\/divesar.ee\/wp-content\/uploads\/2023\/11\/imgpsh_fullsize_anim-3-1.jpg&#8221;][et_pb_row admin_label=&#8221;row&#8221; _builder_version=&#8221;4.7.7&#8243; background_color=&#8221;#ffffff&#8221; background_size=&#8221;initial&#8221; background_position=&#8221;top_left&#8221; background_repeat=&#8221;repeat&#8221; height=&#8221;661px&#8221; height_tablet=&#8221;&#8221; height_phone=&#8221;769px&#8221; height_last_edited=&#8221;on|phone&#8221; border_radii=&#8221;on|30px|30px|30px|30px&#8221; border_width_all=&#8221;15px&#8221; border_color_all=&#8221;#ffffff&#8221;][et_pb_column type=&#8221;4_4&#8243; _builder_version=&#8221;3.25&#8243; custom_padding=&#8221;|||&#8221; custom_padding__hover=&#8221;|||&#8221;][et_pb_slider use_bg_overlay=&#8221;on&#8221; _builder_version=&#8221;4.7.7&#8243; _module_preset=&#8221;default&#8221; height=&#8221;269px&#8221; custom_padding=&#8221;0px||20px||false|false&#8221;][et_pb_slide heading=&#8221;Esmaabi koolitus&#8221; button_text=&#8221;Registreeri&#8221; button_link=&#8221;https:\/\/divesar.ee\/registreeri\/&#8221; _builder_version=&#8221;4.7.7&#8243; _module_preset=&#8221;default&#8221; background_image=&#8221;https:\/\/divesar.ee\/wp-content\/uploads\/2024\/01\/car-accident-injuries-to-arms-and-legs.jpg&#8221; background_enable_image=&#8221;on&#8221; parallax=&#8221;on&#8221; parallax_method=&#8221;off&#8221; sticky_transition=&#8221;on&#8221;][\/et_pb_slide][\/et_pb_slider][et_pb_text _builder_version=&#8221;4.7.7&#8243; _module_preset=&#8221;default&#8221; background_color=&#8221;rgba(63,232,255,0.23)&#8221; width=&#8221;100%&#8221; border_radii=&#8221;on|16px|16px|16px|16px&#8221; border_width_all=&#8221;20px&#8221; border_color_all=&#8221;rgba(63,232,255,0)&#8221;] Mida sisaldab kursus? Teooria koolitus e-\u00f5ppe keskkonnas Praktiline koolitus [&hellip;]<\/p>","protected":false},"author":1,"featured_media":0,"parent":0,"menu_order":0,"comment_status":"closed","ping_status":"closed","template":"","meta":{"_et_pb_use_builder":"on","_et_pb_old_content":"<!-- wp:group {\"layout\":{\"type\":\"constrained\"}} -->\n<div class=\"wp-block-group\"><!-- wp:paragraph {\"fontSize\":\"medium\"} -->\n<p class=\"has-medium-font-size\">Peale B kategooria kursuse l\u00f5petamist \u00f5pilane saab sooritada eksameid ARK\u2019s ja taotleda esmase juhiloa.<\/p>\n<!-- \/wp:paragraph -->\n\n<!-- wp:group {\"style\":{\"typography\":{\"fontStyle\":\"normal\",\"fontWeight\":\"600\"}},\"backgroundColor\":\"white\",\"layout\":{\"type\":\"constrained\"}} -->\n<div class=\"wp-block-group has-white-background-color has-background\" style=\"font-style:normal;font-weight:600\"><!-- wp:heading {\"fontSize\":\"medium\"} -->\n<h2 class=\"wp-block-heading has-medium-font-size\" id=\"mida-sisaldab-kursus\">Mida sisaldab kursus?<\/h2>\n<!-- \/wp:heading -->\n\n<!-- wp:freeform -->\n<p>Teooria 28 tundi (28 x 45 min) \u2013 165 \u20ac<\/p>\n<ul>\n<li>27 s\u00f5idutundi + eksam (28 x 45 min) \u2013 630 \u20ac<\/li>\n<li>Esmaabi koolitus \u2013 50 \u20ac<\/li>\n<li>Pimedas\u00f5idu koolitus \u2013 65 \u20ac<\/li>\n<li>Libedas\u00f5idu koolitus \u2013 105 \u20ac<\/li>\n<\/ul>\n<p><strong>Kokku \u2013 1015 \u20ac<\/strong><\/p>\n<!-- \/wp:freeform -->\n\n<!-- wp:list -->\n<ul><!-- wp:list-item -->\n<li>Lisas\u00f5idutund \u2013 25 \u20ac<\/li>\n<!-- \/wp:list-item -->\n\n<!-- wp:list-item -->\n<li>Teooria korduseksam koolis \u2013 20 \u20ac<\/li>\n<!-- \/wp:list-item -->\n\n<!-- wp:list-item -->\n<li>\u00d5pes\u00f5idu koorduseksam koolis \u2013 30&nbsp;\u20ac<\/li>\n<!-- \/wp:list-item --><\/ul>\n<!-- \/wp:list -->\n\n<!-- wp:paragraph -->\n<p><a href=\"https:\/\/divesar.ee\/wp-content\/uploads\/2023\/10\/DIVESAR-OU-B-kat.pdf\">Loe liisaks \u00f5ppekavast<\/a><\/p>\n<!-- \/wp:paragraph --><\/div>\n<!-- \/wp:group -->\n\n<!-- wp:heading {\"fontSize\":\"medium\"} -->\n<h2 class=\"wp-block-heading has-medium-font-size\" id=\"millal-toimuvad-kursused\">Millal toimuvad kursused?<\/h2>\n<!-- \/wp:heading -->\n\n<!-- wp:paragraph {\"fontSize\":\"medium\"} -->\n<p class=\"has-medium-font-size\">B-kategooria kursused toimuvad onlain , teile mugaval ajal ja kohas.<\/p>\n<!-- \/wp:paragraph -->\n\n<!-- wp:heading {\"fontSize\":\"medium\"} -->\n<h2 class=\"wp-block-heading has-medium-font-size\" id=\"millised-on-kursuse-tingimused\">Millised on kursuse tingimused?<\/h2>\n<!-- \/wp:heading -->\n\n<!-- wp:paragraph {\"fontSize\":\"medium\"} -->\n<p class=\"has-medium-font-size\">Esmaste juhilubade \u00f5pinguid alustades peate olema v\u00e4hemalt 15,5 aastat vana ja juhiload v\u00e4ljastatakse isikule, kes on v\u00e4hemalt 18 aastane<\/p>\n<!-- \/wp:paragraph -->\n\n<!-- wp:heading {\"fontSize\":\"medium\"} -->\n<h2 class=\"wp-block-heading has-medium-font-size\" id=\"kui-kaua-kehtib-esmane-juhiluba\">Kui kaua kehtib esmane juhiluba?<\/h2>\n<!-- \/wp:heading -->\n\n<!-- wp:paragraph {\"fontSize\":\"medium\"} -->\n<p class=\"has-medium-font-size\">Esmane juhiluba kehtib kaks aastat ning selle selle aja jooksul tuleb l\u00e4bida l\u00f5pastme koolitus. Peale l\u00f5pastme koolituse l\u00e4bimist vahetab Maanteamet selle alalise juhiloa vastu.<\/p>\n<!-- \/wp:paragraph --><\/div>\n<!-- \/wp:group -->","_et_gb_content_width":"","inline_featured_image":false,"footnotes":""},"yoast_head":"<!-- This site is optimized with the Yoast SEO plugin v21.5 - https:\/\/yoast.com\/wordpress\/plugins\/seo\/ -->\n<title>Esmaabi - Divesar Autokool<\/title>\n<meta name=\"description\" content=\"Esmase juhiloa taotlejale on vajalik l\u00e4bida v\u00e4hemalt 16-tunnine esmaabi koolitus. Teooriakursust saab l\u00e4bida e-\u00f5ppes.\" \/>\n<meta name=\"robots\" content=\"index, follow, max-snippet:-1, max-image-preview:large, max-video-preview:-1\" \/>\n<link rel=\"canonical\" href=\"https:\/\/divesar.ee\/ru\/esmaabi-koolitus\/\" \/>\n<meta property=\"og:locale\" content=\"ru_RU\" \/>\n<meta property=\"og:type\" content=\"article\" \/>\n<meta property=\"og:title\" content=\"Esmaabi - Divesar Autokool\" \/>\n<meta property=\"og:description\" content=\"Esmase juhiloa taotlejale on vajalik l\u00e4bida v\u00e4hemalt 16-tunnine esmaabi koolitus. Teooriakursust saab l\u00e4bida e-\u00f5ppes.\" \/>\n<meta property=\"og:url\" content=\"https:\/\/divesar.ee\/ru\/esmaabi-koolitus\/\" \/>\n<meta property=\"og:site_name\" content=\"Divesar Autokool\" \/>\n<meta property=\"article:publisher\" content=\"https:\/\/www.facebook.com\/divesar\" \/>\n<meta property=\"article:modified_time\" content=\"2025-02-21T16:59:04+00:00\" \/>\n<meta name=\"twitter:card\" content=\"summary_large_image\" \/>\n<meta name=\"twitter:label1\" content=\"\u041f\u0440\u0438\u043c\u0435\u0440\u043d\u043e\u0435 \u0432\u0440\u0435\u043c\u044f \u0434\u043b\u044f \u0447\u0442\u0435\u043d\u0438\u044f\" \/>\n\t<meta name=\"twitter:data1\" content=\"1 \u043c\u0438\u043d\u0443\u0442\u0430\" \/>\n<script type=\"application\/ld+json\" class=\"yoast-schema-graph\">{\"@context\":\"https:\/\/schema.org\",\"@graph\":[{\"@type\":\"WebPage\",\"@id\":\"https:\/\/divesar.ee\/esmaabi-koolitus\/\",\"url\":\"https:\/\/divesar.ee\/esmaabi-koolitus\/\",\"name\":\"Esmaabi - Divesar Autokool\",\"isPartOf\":{\"@id\":\"https:\/\/divesar.ee\/#website\"},\"datePublished\":\"2024-03-18T19:07:02+00:00\",\"dateModified\":\"2025-02-21T16:59:04+00:00\",\"description\":\"Esmase juhiloa taotlejale on vajalik l\u00e4bida v\u00e4hemalt 16-tunnine esmaabi koolitus. Teooriakursust saab l\u00e4bida e-\u00f5ppes.\",\"breadcrumb\":{\"@id\":\"https:\/\/divesar.ee\/esmaabi-koolitus\/#breadcrumb\"},\"inLanguage\":\"ru-RU\",\"potentialAction\":[{\"@type\":\"ReadAction\",\"target\":[\"https:\/\/divesar.ee\/esmaabi-koolitus\/\"]}]},{\"@type\":\"BreadcrumbList\",\"@id\":\"https:\/\/divesar.ee\/esmaabi-koolitus\/#breadcrumb\",\"itemListElement\":[{\"@type\":\"ListItem\",\"position\":1,\"name\":\"Home\",\"item\":\"https:\/\/divesar.ee\/\"},{\"@type\":\"ListItem\",\"position\":2,\"name\":\"Esmaabi\"}]},{\"@type\":\"WebSite\",\"@id\":\"https:\/\/divesar.ee\/#website\",\"url\":\"https:\/\/divesar.ee\/\",\"name\":\"Divesar Autokool\",\"description\":\"Divesar Autokool\",\"publisher\":{\"@id\":\"https:\/\/divesar.ee\/#organization\"},\"potentialAction\":[{\"@type\":\"SearchAction\",\"target\":{\"@type\":\"EntryPoint\",\"urlTemplate\":\"https:\/\/divesar.ee\/?s={search_term_string}\"},\"query-input\":\"required name=search_term_string\"}],\"inLanguage\":\"ru-RU\"},{\"@type\":\"Organization\",\"@id\":\"https:\/\/divesar.ee\/#organization\",\"name\":\"Divesar Autokool\",\"url\":\"https:\/\/divesar.ee\/\",\"logo\":{\"@type\":\"ImageObject\",\"inLanguage\":\"ru-RU\",\"@id\":\"https:\/\/divesar.ee\/#\/schema\/logo\/image\/\",\"url\":\"https:\/\/divesar.ee\/wp-content\/uploads\/2023\/12\/minilog.png\",\"contentUrl\":\"https:\/\/divesar.ee\/wp-content\/uploads\/2023\/12\/minilog.png\",\"width\":208,\"height\":80,\"caption\":\"Divesar Autokool\"},\"image\":{\"@id\":\"https:\/\/divesar.ee\/#\/schema\/logo\/image\/\"},\"sameAs\":[\"https:\/\/www.facebook.com\/divesar\"]}]}<\/script>\n<!-- \/ Yoast SEO plugin. -->","yoast_head_json":{"title":"Esmaabi - Divesar Autokool","description":"Esmase juhiloa taotlejale on vajalik l\u00e4bida v\u00e4hemalt 16-tunnine esmaabi koolitus. Teooriakursust saab l\u00e4bida e-\u00f5ppes.","robots":{"index":"index","follow":"follow","max-snippet":"max-snippet:-1","max-image-preview":"max-image-preview:large","max-video-preview":"max-video-preview:-1"},"canonical":"https:\/\/divesar.ee\/ru\/esmaabi-koolitus\/","og_locale":"ru_RU","og_type":"article","og_title":"Esmaabi - Divesar Autokool","og_description":"Esmase juhiloa taotlejale on vajalik l\u00e4bida v\u00e4hemalt 16-tunnine esmaabi koolitus. Teooriakursust saab l\u00e4bida e-\u00f5ppes.","og_url":"https:\/\/divesar.ee\/ru\/esmaabi-koolitus\/","og_site_name":"Divesar Autokool","article_publisher":"https:\/\/www.facebook.com\/divesar","article_modified_time":"2025-02-21T16:59:04+00:00","twitter_card":"summary_large_image","twitter_misc":{"\u041f\u0440\u0438\u043c\u0435\u0440\u043d\u043e\u0435 \u0432\u0440\u0435\u043c\u044f \u0434\u043b\u044f \u0447\u0442\u0435\u043d\u0438\u044f":"1 \u043c\u0438\u043d\u0443\u0442\u0430"},"schema":{"@context":"https:\/\/schema.org","@graph":[{"@type":"WebPage","@id":"https:\/\/divesar.ee\/esmaabi-koolitus\/","url":"https:\/\/divesar.ee\/esmaabi-koolitus\/","name":"Esmaabi - Divesar Autokool","isPartOf":{"@id":"https:\/\/divesar.ee\/#website"},"datePublished":"2024-03-18T19:07:02+00:00","dateModified":"2025-02-21T16:59:04+00:00","description":"Esmase juhiloa taotlejale on vajalik l\u00e4bida v\u00e4hemalt 16-tunnine esmaabi koolitus. Teooriakursust saab l\u00e4bida e-\u00f5ppes.","breadcrumb":{"@id":"https:\/\/divesar.ee\/esmaabi-koolitus\/#breadcrumb"},"inLanguage":"ru-RU","potentialAction":[{"@type":"ReadAction","target":["https:\/\/divesar.ee\/esmaabi-koolitus\/"]}]},{"@type":"BreadcrumbList","@id":"https:\/\/divesar.ee\/esmaabi-koolitus\/#breadcrumb","itemListElement":[{"@type":"ListItem","position":1,"name":"Home","item":"https:\/\/divesar.ee\/"},{"@type":"ListItem","position":2,"name":"Esmaabi"}]},{"@type":"WebSite","@id":"https:\/\/divesar.ee\/#website","url":"https:\/\/divesar.ee\/","name":"Divesar Autokool","description":"Divesar Autokool","publisher":{"@id":"https:\/\/divesar.ee\/#organization"},"potentialAction":[{"@type":"SearchAction","target":{"@type":"EntryPoint","urlTemplate":"https:\/\/divesar.ee\/?s={search_term_string}"},"query-input":"required name=search_term_string"}],"inLanguage":"ru-RU"},{"@type":"Organization","@id":"https:\/\/divesar.ee\/#organization","name":"Divesar Autokool","url":"https:\/\/divesar.ee\/","logo":{"@type":"ImageObject","inLanguage":"ru-RU","@id":"https:\/\/divesar.ee\/#\/schema\/logo\/image\/","url":"https:\/\/divesar.ee\/wp-content\/uploads\/2023\/12\/minilog.png","contentUrl":"https:\/\/divesar.ee\/wp-content\/uploads\/2023\/12\/minilog.png","width":208,"height":80,"caption":"Divesar Autokool"},"image":{"@id":"https:\/\/divesar.ee\/#\/schema\/logo\/image\/"},"sameAs":["https:\/\/www.facebook.com\/divesar"]}]}},"_links":{"self":[{"href":"https:\/\/divesar.ee\/ru\/wp-json\/wp\/v2\/pages\/1284"}],"collection":[{"href":"https:\/\/divesar.ee\/ru\/wp-json\/wp\/v2\/pages"}],"about":[{"href":"https:\/\/divesar.ee\/ru\/wp-json\/wp\/v2\/types\/page"}],"author":[{"embeddable":true,"href":"https:\/\/divesar.ee\/ru\/wp-json\/wp\/v2\/users\/1"}],"replies":[{"embeddable":true,"href":"https:\/\/divesar.ee\/ru\/wp-json\/wp\/v2\/comments?post=1284"}],"version-history":[{"count":10,"href":"https:\/\/divesar.ee\/ru\/wp-json\/wp\/v2\/pages\/1284\/revisions"}],"predecessor-version":[{"id":1447,"href":"https:\/\/divesar.ee\/ru\/wp-json\/wp\/v2\/pages\/1284\/revisions\/1447"}],"wp:attachment":[{"href":"https:\/\/divesar.ee\/ru\/wp-json\/wp\/v2\/media?parent=1284"}],"curies":[{"name":"wp","href":"https:\/\/api.w.org\/{rel}","templated":true}]}}