{"id":1258,"date":"2024-03-18T19:25:22","date_gmt":"2024-03-18T17:25:22","guid":{"rendered":"https:\/\/divesar.ee\/?page_id=1258"},"modified":"2024-09-25T23:00:09","modified_gmt":"2024-09-25T20:00:09","slug":"b-kategooria-koolitus","status":"publish","type":"page","link":"https:\/\/divesar.ee\/ru\/b-kategooria-koolitus\/","title":{"rendered":"B-\u043a\u0430\u0442\u0435\u0433\u043e\u0440\u0438\u044f"},"content":{"rendered":"[et_pb_section fb_built=&#8221;1&#8243; admin_label=&#8221;section&#8221; _builder_version=&#8221;4.7.7&#8243; background_color=&#8221;rgba(0,0,0,0)&#8221; background_image=&#8221;https:\/\/divesar.ee\/wp-content\/uploads\/2023\/11\/imgpsh_fullsize_anim-3-1.jpg&#8221;][et_pb_row admin_label=&#8221;row&#8221; _builder_version=&#8221;4.7.7&#8243; background_color=&#8221;#ffffff&#8221; background_size=&#8221;initial&#8221; background_position=&#8221;top_left&#8221; background_repeat=&#8221;repeat&#8221; height=&#8221;1200px&#8221; height_tablet=&#8221;&#8221; height_phone=&#8221;1370px&#8221; height_last_edited=&#8221;on|phone&#8221; border_radii=&#8221;on|30px|30px|30px|30px&#8221; border_width_all=&#8221;15px&#8221; border_color_all=&#8221;#ffffff&#8221;][et_pb_column type=&#8221;4_4&#8243; _builder_version=&#8221;3.25&#8243; custom_padding=&#8221;|||&#8221; custom_padding__hover=&#8221;|||&#8221;][et_pb_slider _builder_version=&#8221;4.7.7&#8243; _module_preset=&#8221;default&#8221; header_text_align=&#8221;center&#8221; transform_scale_linked=&#8221;off&#8221; min_height=&#8221;248px&#8221; min_height_tablet=&#8221;&#8221; min_height_phone=&#8221;143px&#8221; min_height_last_edited=&#8221;on|phone&#8221; height=&#8221;475px&#8221; height_tablet=&#8221;&#8221; height_phone=&#8221;173px&#8221; height_last_edited=&#8221;on|phone&#8221; max_height=&#8221;259px&#8221; custom_margin=&#8221;-24px||||false|false&#8221; custom_padding=&#8221;33px||||false|false&#8221; custom_padding_tablet=&#8221;&#8221; custom_padding_phone=&#8221;8px||||false|false&#8221; custom_padding_last_edited=&#8221;on|phone&#8221;][et_pb_slide heading=&#8221;B-kategooria koolitus&#8221; button_text=&#8221;Registreeri&#8221; button_link=&#8221;https:\/\/divesar.ee\/registreeri\/&#8221; use_bg_overlay=&#8221;on&#8221; use_text_overlay=&#8221;off&#8221; _builder_version=&#8221;4.7.7&#8243; _module_preset=&#8221;default&#8221; background_image=&#8221;https:\/\/divesar.ee\/wp-content\/uploads\/2023\/11\/wp8257357.webp&#8221; background_enable_image=&#8221;on&#8221; text_orientation=&#8221;center&#8221; custom_padding=&#8221;||0px||false|false&#8221; text_shadow_style=&#8221;preset3&#8243; sticky_transition=&#8221;on&#8221;][\/et_pb_slide][\/et_pb_slider][et_pb_text _builder_version=&#8221;4.7.7&#8243; _module_preset=&#8221;default&#8221; background_color=&#8221;rgba(63,232,255,0.23)&#8221; width=&#8221;100%&#8221; hover_enabled=&#8221;0&#8243; border_radii=&#8221;on|16px|16px|16px|16px&#8221; border_width_all=&#8221;20px&#8221; border_color_all=&#8221;rgba(63,232,255,0)&#8221; sticky_enabled=&#8221;0&#8243;]<h2><strong>\u0427\u0442\u043e \u0432\u0445\u043e\u0434\u0438\u0442 \u0432 \u043a\u0443\u0440\u0441?<\/strong><\/h2>\n<h2><!-- \/wp:heading --><\/h2>\n<h2><!-- wp:freeform --><\/h2>\n<ul>\n<li>\n<h3><strong>\u0422\u0435\u043e\u0440\u0438\u044f 28 \u0443\u0440\u043e\u043a\u043e\u0432 (28 \u0445 45 \u043c\u0438\u043d) \u2013 200 \u20ac<\/strong><\/h3>\n<\/li>\n<li>\n<h3><span><strong>27 \u0443\u0440\u043e\u043a\u043e\u0432 \u0432\u043e\u0436\u0434\u0435\u043d\u0438\u044f + \u0442\u0435\u0441\u0442 (28 \u0445 45 \u043c\u0438\u043d) \u2013 630 \u0435\u0432\u0440\u043e<\/strong><\/span><\/h3>\n<\/li>\n<li>\n<h3><span><strong>\u041a\u0443\u0440\u0441\u044b \u043f\u0435\u0440\u0432\u043e\u0439 \u043f\u043e\u043c\u043e\u0449\u0438 \u2013 50 \u20ac<\/strong><\/span><\/h3>\n<\/li>\n<li>\n<h3><span><strong>\u041a\u0443\u0440\u0441 \u0432\u043e\u0436\u0434\u0435\u043d\u0438\u044f \u0432 \u0442\u0435\u043c\u043d\u043e\u0435 \u0432\u0440\u0435\u043c\u044f \u0441\u0443\u0442\u043e\u043a \u2013 65 \u20ac<\/strong><\/span><\/h3>\n<\/li>\n<li>\n<h3><span><strong>\u0421\u043a\u043e\u043b\u044c\u0437\u043a\u043e\u0435 \u0432\u043e\u0436\u0434\u0435\u043d\u0438\u0435 \u2013 105 \u0435\u0432\u0440\u043e.<\/strong><\/span><\/h3>\n<\/li>\n<\/ul>\n<p><span><strong><\/strong><\/span><\/p>\n<h2><strong>\u0418\u0442\u043e\u0433\u043e \u2013 1050 \u20ac<\/strong><\/h2>\n[\/et_pb_text][et_pb_text admin_label=&#8221;Text&#8221; _builder_version=&#8221;4.7.7&#8243; background_size=&#8221;initial&#8221; background_position=&#8221;top_left&#8221; background_repeat=&#8221;repeat&#8221; min_height=&#8221;576.8px&#8221; custom_margin=&#8221;||-131px|||&#8221; custom_padding=&#8221;0px|||||&#8221;]<h1 style=\"text-align: center;\"><\/h1>\n<p>&nbsp;<\/p>\n<p><!-- wp:heading {\"fontSize\":\"medium\"} --><\/p>\n<h2 class=\"wp-block-heading has-medium-font-size\" id=\"millal-toimuvad-kursused\"><strong>\u041a\u043e\u0433\u0434\u0430 \u043f\u0440\u043e\u0445\u043e\u0434\u044f\u0442 \u043a\u0443\u0440\u0441\u044b?<\/strong><\/h2>\n<p><!-- \/wp:heading --><\/p>\n<p><!-- wp:paragraph {\"fontSize\":\"medium\"} --><\/p>\n<ul>\n<li class=\"has-medium-font-size\">\u041a\u0443\u0440\u0441 B-\u043a\u0430\u0442\u0435\u0433\u043e\u0440\u0438\u0438 \u043f\u0440\u043e\u0445\u043e\u0434\u0438\u0442 \u0432 \u043e\u043d\u043b\u0430\u0439\u043d \u0441\u0440\u0435\u0434\u0435 \u0432 \u0443\u0434\u043e\u0431\u043d\u043e\u043c \u0434\u043b\u044f \u0432\u0430\u0441 \u043c\u0435\u0441\u0442\u0435 \u0438 \u0432\u0440\u0435\u043c\u044f.<\/li>\n<\/ul>\n<p><!-- \/wp:paragraph --><\/p>\n<p><!-- wp:heading {\"fontSize\":\"medium\"} --><\/p>\n<h2 class=\"wp-block-heading has-medium-font-size\" id=\"millised-on-kursuse-tingimused\"><strong>\u041a\u0430\u043a\u0438\u0435 \u0443\u0441\u043b\u043e\u0432\u0438\u044f \u043a\u0443\u0440\u0441\u0430?<\/strong><\/h2>\n<p><!-- \/wp:heading --><\/p>\n<p><!-- wp:paragraph {\"fontSize\":\"medium\"} --><\/p>\n<ul>\n<li class=\"has-medium-font-size\">\u0414\u043b\u044f \u043f\u043e\u043b\u0443\u0447\u0435\u043d\u0438\u044f \u043e\u0433\u0440\u0430\u043d\u0438\u0447\u0435\u043d\u043d\u044b\u0445 \u043f\u0440\u0430\u0432 \u043d\u0430 \u0443\u043f\u0440\u0430\u0432\u043b\u0435\u043d\u0438\u0435 \u0430\u0432\u0442\u043e\u043c\u043e\u0431\u0438\u043b\u0435\u043c \u0432 \u0430\u0432\u0442\u043e\u0448\u043a\u043e\u043b\u0435 \u043d\u0435\u043e\u0431\u0445\u043e\u0434\u0438\u043c\u043e \u0431\u044b\u0442\u044c \u043d\u0435 \u043c\u043e\u043b\u043e\u0436\u0435 15.5 \u043b\u0435\u0442. \u041f\u043e\u0441\u043b\u0435 \u0434\u043e\u0441\u0442\u0438\u0436\u0435\u043d\u0438\u044f 18 \u043b\u0435\u0442 \u043c\u043e\u0436\u043d\u043e \u043f\u043e\u043b\u0443\u0447\u0438\u0442\u044c \u043f\u0435\u0440\u0432\u0438\u0447\u043d\u043e\u0435 \u0432\u043e\u0434\u0438\u0442\u0435\u043b\u044c\u0441\u043a\u043e\u0435 \u0443\u0434\u043e\u0441\u0442\u043e\u0432\u0435\u0440\u0435\u043d\u0438\u0435.<\/li>\n<\/ul>\n<p><!-- \/wp:paragraph --><\/p>\n<p><!-- wp:heading {\"fontSize\":\"medium\"} --><\/p>\n<h2 class=\"wp-block-heading has-medium-font-size\" id=\"kui-kaua-kehtib-esmane-juhiluba\"><strong>\u041a\u0430\u043a \u0434\u043e\u043b\u0433\u043e \u0434\u0435\u0439\u0441\u0442\u0432\u0438\u0442\u0435\u043b\u044c\u043d\u043e \u043f\u0435\u0440\u0432\u0438\u0447\u043d\u043e\u0435 \u0432\u043e\u0434\u0438\u0442\u0435\u043b\u044c\u0441\u043a\u043e\u0435 \u0443\u0434\u043e\u0441\u0442\u043e\u0432\u0435\u0440\u0435\u043d\u0438\u0435?<\/strong><\/h2>\n<p><!-- \/wp:heading --><\/p>\n<p><!-- wp:paragraph {\"fontSize\":\"medium\"} --><\/p>\n<ul>\n<li class=\"has-medium-font-size\">\u041f\u0435\u0440\u0432\u043e\u0435 \u0432\u043e\u0434\u0438\u0442\u0435\u043b\u044c\u0441\u043a\u043e\u0435 \u0443\u0434\u043e\u0441\u0442\u043e\u0432\u0435\u0440\u0435\u043d\u0438\u0435 \u0434\u0435\u0439\u0441\u0442\u0432\u0438\u0442\u0435\u043b\u044c\u043d\u043e \u0434\u0432\u0430 \u0433\u043e\u0434\u0430. \u041f\u043e\u0441\u043b\u0435 \u043f\u0440\u043e\u0445\u043e\u0436\u0434\u0435\u043d\u0438\u044f \u0438\u0442\u043e\u0433\u043e\u0432\u043e\u0433\u043e \u043e\u0431\u0443\u0447\u0435\u043d\u0438\u044f \u0414\u0435\u043f\u043e\u0440\u0442\u0430\u043c\u0435\u043d\u0442 \u0422\u0440\u0430\u043d\u0441\u043f\u043e\u0440\u0442\u0430 \u043e\u0431\u043c\u0435\u043d\u044f\u0435\u0442 \u0435\u0433\u043e \u043d\u0430 \u043f\u043e\u0441\u0442\u043e\u044f\u043d\u043d\u043e\u0435.<\/li>\n<\/ul>\n<p>&nbsp;<\/p>\n<h4><span style=\"text-decoration: underline;\"><a href=\"https:\/\/divesar.ee\/wp-content\/uploads\/2023\/10\/DIVESAR-OU-B-kat.pdf\">\u0427\u0438\u0442\u0430\u0442\u044c \u043e \u043f\u0440\u043e\u0433\u0440\u0430\u043c\u043c\u0435 \u043e\u0431\u0443\u0447\u0435\u043d\u0438\u044f<\/a><\/span><\/h4>\n<p><!-- \/wp:paragraph --><\/p>\n<p><!-- \/wp:group --><\/p>[\/et_pb_text][\/et_pb_column][\/et_pb_row][\/et_pb_section]","protected":false},"excerpt":{"rendered":"<p>[et_pb_section fb_built=&#8221;1&#8243; admin_label=&#8221;section&#8221; _builder_version=&#8221;4.7.7&#8243; background_color=&#8221;rgba(0,0,0,0)&#8221; background_image=&#8221;https:\/\/divesar.ee\/wp-content\/uploads\/2023\/11\/imgpsh_fullsize_anim-3-1.jpg&#8221;][et_pb_row admin_label=&#8221;row&#8221; _builder_version=&#8221;4.7.7&#8243; background_color=&#8221;#ffffff&#8221; background_size=&#8221;initial&#8221; background_position=&#8221;top_left&#8221; background_repeat=&#8221;repeat&#8221; height=&#8221;1200px&#8221; height_tablet=&#8221;&#8221; height_phone=&#8221;1370px&#8221; height_last_edited=&#8221;on|phone&#8221; border_radii=&#8221;on|30px|30px|30px|30px&#8221; border_width_all=&#8221;15px&#8221; border_color_all=&#8221;#ffffff&#8221;][et_pb_column type=&#8221;4_4&#8243; _builder_version=&#8221;3.25&#8243; custom_padding=&#8221;|||&#8221; custom_padding__hover=&#8221;|||&#8221;][et_pb_slider _builder_version=&#8221;4.7.7&#8243; _module_preset=&#8221;default&#8221; header_text_align=&#8221;center&#8221; transform_scale_linked=&#8221;off&#8221; min_height=&#8221;248px&#8221; min_height_tablet=&#8221;&#8221; min_height_phone=&#8221;143px&#8221; min_height_last_edited=&#8221;on|phone&#8221; height=&#8221;475px&#8221; height_tablet=&#8221;&#8221; height_phone=&#8221;173px&#8221; height_last_edited=&#8221;on|phone&#8221; max_height=&#8221;259px&#8221; custom_margin=&#8221;-24px||||false|false&#8221; custom_padding=&#8221;33px||||false|false&#8221; custom_padding_tablet=&#8221;&#8221; custom_padding_phone=&#8221;8px||||false|false&#8221; custom_padding_last_edited=&#8221;on|phone&#8221;][et_pb_slide heading=&#8221;B-kategooria koolitus&#8221; button_text=&#8221;Registreeri&#8221; button_link=&#8221;https:\/\/divesar.ee\/registreeri\/&#8221; use_bg_overlay=&#8221;on&#8221; use_text_overlay=&#8221;off&#8221; _builder_version=&#8221;4.7.7&#8243; _module_preset=&#8221;default&#8221; background_image=&#8221;https:\/\/divesar.ee\/wp-content\/uploads\/2023\/11\/wp8257357.webp&#8221; background_enable_image=&#8221;on&#8221; text_orientation=&#8221;center&#8221; custom_padding=&#8221;||0px||false|false&#8221; text_shadow_style=&#8221;preset3&#8243; sticky_transition=&#8221;on&#8221;][\/et_pb_slide][\/et_pb_slider][et_pb_text [&hellip;]<\/p>","protected":false},"author":1,"featured_media":0,"parent":0,"menu_order":0,"comment_status":"closed","ping_status":"closed","template":"","meta":{"_et_pb_use_builder":"on","_et_pb_old_content":"<!-- wp:group {\"layout\":{\"type\":\"constrained\"}} -->\n<div class=\"wp-block-group\"><!-- wp:paragraph {\"fontSize\":\"medium\"} -->\n<p class=\"has-medium-font-size\">Peale B kategooria kursuse l\u00f5petamist \u00f5pilane saab sooritada eksameid ARK\u2019s ja taotleda esmase juhiloa.<\/p>\n<!-- \/wp:paragraph -->\n\n<!-- wp:group {\"style\":{\"typography\":{\"fontStyle\":\"normal\",\"fontWeight\":\"600\"}},\"backgroundColor\":\"white\",\"layout\":{\"type\":\"constrained\"}} -->\n<div class=\"wp-block-group has-white-background-color has-background\" style=\"font-style:normal;font-weight:600\"><!-- wp:heading {\"fontSize\":\"medium\"} -->\n<h2 class=\"wp-block-heading has-medium-font-size\" id=\"mida-sisaldab-kursus\">Mida sisaldab kursus?<\/h2>\n<!-- \/wp:heading -->\n\n<!-- wp:freeform -->\n<p>Teooria 28 tundi (28 x 45 min) \u2013 165 \u20ac<\/p>\n<ul>\n<li>27 s\u00f5idutundi + eksam (28 x 45 min) \u2013 630 \u20ac<\/li>\n<li>Esmaabi koolitus \u2013 50 \u20ac<\/li>\n<li>Pimedas\u00f5idu koolitus \u2013 65 \u20ac<\/li>\n<li>Libedas\u00f5idu koolitus \u2013 105 \u20ac<\/li>\n<\/ul>\n<p><strong>Kokku \u2013 1015 \u20ac<\/strong><\/p>\n<!-- \/wp:freeform -->\n\n<!-- wp:list -->\n<ul><!-- wp:list-item -->\n<li>Lisas\u00f5idutund \u2013 25 \u20ac<\/li>\n<!-- \/wp:list-item -->\n\n<!-- wp:list-item -->\n<li>Teooria korduseksam koolis \u2013 20 \u20ac<\/li>\n<!-- \/wp:list-item -->\n\n<!-- wp:list-item -->\n<li>\u00d5pes\u00f5idu koorduseksam koolis \u2013 30&nbsp;\u20ac<\/li>\n<!-- \/wp:list-item --><\/ul>\n<!-- \/wp:list -->\n\n<!-- wp:paragraph -->\n<p><a href=\"https:\/\/divesar.ee\/wp-content\/uploads\/2023\/10\/DIVESAR-OU-B-kat.pdf\">Loe liisaks \u00f5ppekavast<\/a><\/p>\n<!-- \/wp:paragraph --><\/div>\n<!-- \/wp:group -->\n\n<!-- wp:heading {\"fontSize\":\"medium\"} -->\n<h2 class=\"wp-block-heading has-medium-font-size\" id=\"millal-toimuvad-kursused\">Millal toimuvad kursused?<\/h2>\n<!-- \/wp:heading -->\n\n<!-- wp:paragraph {\"fontSize\":\"medium\"} -->\n<p class=\"has-medium-font-size\">B-kategooria kursused toimuvad onlain , teile mugaval ajal ja kohas.<\/p>\n<!-- \/wp:paragraph -->\n\n<!-- wp:heading {\"fontSize\":\"medium\"} -->\n<h2 class=\"wp-block-heading has-medium-font-size\" id=\"millised-on-kursuse-tingimused\">Millised on kursuse tingimused?<\/h2>\n<!-- \/wp:heading -->\n\n<!-- wp:paragraph {\"fontSize\":\"medium\"} -->\n<p class=\"has-medium-font-size\">Esmaste juhilubade \u00f5pinguid alustades peate olema v\u00e4hemalt 15,5 aastat vana ja juhiload v\u00e4ljastatakse isikule, kes on v\u00e4hemalt 18 aastane<\/p>\n<!-- \/wp:paragraph -->\n\n<!-- wp:heading {\"fontSize\":\"medium\"} -->\n<h2 class=\"wp-block-heading has-medium-font-size\" id=\"kui-kaua-kehtib-esmane-juhiluba\">Kui kaua kehtib esmane juhiluba?<\/h2>\n<!-- \/wp:heading -->\n\n<!-- wp:paragraph {\"fontSize\":\"medium\"} -->\n<p class=\"has-medium-font-size\">Esmane juhiluba kehtib kaks aastat ning selle selle aja jooksul tuleb l\u00e4bida l\u00f5pastme koolitus. Peale l\u00f5pastme koolituse l\u00e4bimist vahetab Maanteamet selle alalise juhiloa vastu.<\/p>\n<!-- \/wp:paragraph --><\/div>\n<!-- \/wp:group -->","_et_gb_content_width":"","inline_featured_image":false,"footnotes":""},"yoast_head":"<!-- This site is optimized with the Yoast SEO plugin v21.5 - https:\/\/yoast.com\/wordpress\/plugins\/seo\/ -->\n<title>B-kategooria - Divesar Autokool<\/title>\n<meta name=\"description\" content=\"B-kategooria \u00f5pinguid alustades peate olema v\u00e4hemalt 15,5 aastat vana ja juhiload v\u00e4ljastatakse isikule, kes on v\u00e4hemalt 18 aastane...\" \/>\n<meta name=\"robots\" content=\"index, follow, max-snippet:-1, max-image-preview:large, max-video-preview:-1\" \/>\n<link rel=\"canonical\" href=\"https:\/\/divesar.ee\/ru\/b-kategooria-koolitus\/\" \/>\n<meta property=\"og:locale\" content=\"ru_RU\" \/>\n<meta property=\"og:type\" content=\"article\" \/>\n<meta property=\"og:title\" content=\"B-kategooria - Divesar Autokool\" \/>\n<meta property=\"og:description\" content=\"B-kategooria \u00f5pinguid alustades peate olema v\u00e4hemalt 15,5 aastat vana ja juhiload v\u00e4ljastatakse isikule, kes on v\u00e4hemalt 18 aastane...\" \/>\n<meta property=\"og:url\" content=\"https:\/\/divesar.ee\/ru\/b-kategooria-koolitus\/\" \/>\n<meta property=\"og:site_name\" content=\"Divesar Autokool\" \/>\n<meta property=\"article:publisher\" content=\"https:\/\/www.facebook.com\/divesar\" \/>\n<meta property=\"article:modified_time\" content=\"2024-09-25T20:00:09+00:00\" \/>\n<meta name=\"twitter:card\" content=\"summary_large_image\" \/>\n<meta name=\"twitter:label1\" content=\"\u041f\u0440\u0438\u043c\u0435\u0440\u043d\u043e\u0435 \u0432\u0440\u0435\u043c\u044f \u0434\u043b\u044f \u0447\u0442\u0435\u043d\u0438\u044f\" \/>\n\t<meta name=\"twitter:data1\" content=\"1 \u043c\u0438\u043d\u0443\u0442\u0430\" \/>\n<script type=\"application\/ld+json\" class=\"yoast-schema-graph\">{\"@context\":\"https:\/\/schema.org\",\"@graph\":[{\"@type\":\"WebPage\",\"@id\":\"https:\/\/divesar.ee\/b-kategooria-koolitus\/\",\"url\":\"https:\/\/divesar.ee\/b-kategooria-koolitus\/\",\"name\":\"B-kategooria - Divesar Autokool\",\"isPartOf\":{\"@id\":\"https:\/\/divesar.ee\/#website\"},\"datePublished\":\"2024-03-18T17:25:22+00:00\",\"dateModified\":\"2024-09-25T20:00:09+00:00\",\"description\":\"B-kategooria \u00f5pinguid alustades peate olema v\u00e4hemalt 15,5 aastat vana ja juhiload v\u00e4ljastatakse isikule, kes on v\u00e4hemalt 18 aastane...\",\"breadcrumb\":{\"@id\":\"https:\/\/divesar.ee\/b-kategooria-koolitus\/#breadcrumb\"},\"inLanguage\":\"ru-RU\",\"potentialAction\":[{\"@type\":\"ReadAction\",\"target\":[\"https:\/\/divesar.ee\/b-kategooria-koolitus\/\"]}]},{\"@type\":\"BreadcrumbList\",\"@id\":\"https:\/\/divesar.ee\/b-kategooria-koolitus\/#breadcrumb\",\"itemListElement\":[{\"@type\":\"ListItem\",\"position\":1,\"name\":\"Home\",\"item\":\"https:\/\/divesar.ee\/\"},{\"@type\":\"ListItem\",\"position\":2,\"name\":\"B-kategooria\"}]},{\"@type\":\"WebSite\",\"@id\":\"https:\/\/divesar.ee\/#website\",\"url\":\"https:\/\/divesar.ee\/\",\"name\":\"Divesar Autokool\",\"description\":\"Divesar Autokool\",\"publisher\":{\"@id\":\"https:\/\/divesar.ee\/#organization\"},\"potentialAction\":[{\"@type\":\"SearchAction\",\"target\":{\"@type\":\"EntryPoint\",\"urlTemplate\":\"https:\/\/divesar.ee\/?s={search_term_string}\"},\"query-input\":\"required name=search_term_string\"}],\"inLanguage\":\"ru-RU\"},{\"@type\":\"Organization\",\"@id\":\"https:\/\/divesar.ee\/#organization\",\"name\":\"Divesar Autokool\",\"url\":\"https:\/\/divesar.ee\/\",\"logo\":{\"@type\":\"ImageObject\",\"inLanguage\":\"ru-RU\",\"@id\":\"https:\/\/divesar.ee\/#\/schema\/logo\/image\/\",\"url\":\"https:\/\/divesar.ee\/wp-content\/uploads\/2023\/12\/minilog.png\",\"contentUrl\":\"https:\/\/divesar.ee\/wp-content\/uploads\/2023\/12\/minilog.png\",\"width\":208,\"height\":80,\"caption\":\"Divesar Autokool\"},\"image\":{\"@id\":\"https:\/\/divesar.ee\/#\/schema\/logo\/image\/\"},\"sameAs\":[\"https:\/\/www.facebook.com\/divesar\"]}]}<\/script>\n<!-- \/ Yoast SEO plugin. -->","yoast_head_json":{"title":"B-kategooria - Divesar Autokool","description":"B-kategooria \u00f5pinguid alustades peate olema v\u00e4hemalt 15,5 aastat vana ja juhiload v\u00e4ljastatakse isikule, kes on v\u00e4hemalt 18 aastane...","robots":{"index":"index","follow":"follow","max-snippet":"max-snippet:-1","max-image-preview":"max-image-preview:large","max-video-preview":"max-video-preview:-1"},"canonical":"https:\/\/divesar.ee\/ru\/b-kategooria-koolitus\/","og_locale":"ru_RU","og_type":"article","og_title":"B-kategooria - Divesar Autokool","og_description":"B-kategooria \u00f5pinguid alustades peate olema v\u00e4hemalt 15,5 aastat vana ja juhiload v\u00e4ljastatakse isikule, kes on v\u00e4hemalt 18 aastane...","og_url":"https:\/\/divesar.ee\/ru\/b-kategooria-koolitus\/","og_site_name":"Divesar Autokool","article_publisher":"https:\/\/www.facebook.com\/divesar","article_modified_time":"2024-09-25T20:00:09+00:00","twitter_card":"summary_large_image","twitter_misc":{"\u041f\u0440\u0438\u043c\u0435\u0440\u043d\u043e\u0435 \u0432\u0440\u0435\u043c\u044f \u0434\u043b\u044f \u0447\u0442\u0435\u043d\u0438\u044f":"1 \u043c\u0438\u043d\u0443\u0442\u0430"},"schema":{"@context":"https:\/\/schema.org","@graph":[{"@type":"WebPage","@id":"https:\/\/divesar.ee\/b-kategooria-koolitus\/","url":"https:\/\/divesar.ee\/b-kategooria-koolitus\/","name":"B-kategooria - Divesar Autokool","isPartOf":{"@id":"https:\/\/divesar.ee\/#website"},"datePublished":"2024-03-18T17:25:22+00:00","dateModified":"2024-09-25T20:00:09+00:00","description":"B-kategooria \u00f5pinguid alustades peate olema v\u00e4hemalt 15,5 aastat vana ja juhiload v\u00e4ljastatakse isikule, kes on v\u00e4hemalt 18 aastane...","breadcrumb":{"@id":"https:\/\/divesar.ee\/b-kategooria-koolitus\/#breadcrumb"},"inLanguage":"ru-RU","potentialAction":[{"@type":"ReadAction","target":["https:\/\/divesar.ee\/b-kategooria-koolitus\/"]}]},{"@type":"BreadcrumbList","@id":"https:\/\/divesar.ee\/b-kategooria-koolitus\/#breadcrumb","itemListElement":[{"@type":"ListItem","position":1,"name":"Home","item":"https:\/\/divesar.ee\/"},{"@type":"ListItem","position":2,"name":"B-kategooria"}]},{"@type":"WebSite","@id":"https:\/\/divesar.ee\/#website","url":"https:\/\/divesar.ee\/","name":"Divesar Autokool","description":"Divesar Autokool","publisher":{"@id":"https:\/\/divesar.ee\/#organization"},"potentialAction":[{"@type":"SearchAction","target":{"@type":"EntryPoint","urlTemplate":"https:\/\/divesar.ee\/?s={search_term_string}"},"query-input":"required name=search_term_string"}],"inLanguage":"ru-RU"},{"@type":"Organization","@id":"https:\/\/divesar.ee\/#organization","name":"Divesar Autokool","url":"https:\/\/divesar.ee\/","logo":{"@type":"ImageObject","inLanguage":"ru-RU","@id":"https:\/\/divesar.ee\/#\/schema\/logo\/image\/","url":"https:\/\/divesar.ee\/wp-content\/uploads\/2023\/12\/minilog.png","contentUrl":"https:\/\/divesar.ee\/wp-content\/uploads\/2023\/12\/minilog.png","width":208,"height":80,"caption":"Divesar Autokool"},"image":{"@id":"https:\/\/divesar.ee\/#\/schema\/logo\/image\/"},"sameAs":["https:\/\/www.facebook.com\/divesar"]}]}},"_links":{"self":[{"href":"https:\/\/divesar.ee\/ru\/wp-json\/wp\/v2\/pages\/1258"}],"collection":[{"href":"https:\/\/divesar.ee\/ru\/wp-json\/wp\/v2\/pages"}],"about":[{"href":"https:\/\/divesar.ee\/ru\/wp-json\/wp\/v2\/types\/page"}],"author":[{"embeddable":true,"href":"https:\/\/divesar.ee\/ru\/wp-json\/wp\/v2\/users\/1"}],"replies":[{"embeddable":true,"href":"https:\/\/divesar.ee\/ru\/wp-json\/wp\/v2\/comments?post=1258"}],"version-history":[{"count":25,"href":"https:\/\/divesar.ee\/ru\/wp-json\/wp\/v2\/pages\/1258\/revisions"}],"predecessor-version":[{"id":1420,"href":"https:\/\/divesar.ee\/ru\/wp-json\/wp\/v2\/pages\/1258\/revisions\/1420"}],"wp:attachment":[{"href":"https:\/\/divesar.ee\/ru\/wp-json\/wp\/v2\/media?parent=1258"}],"curies":[{"name":"wp","href":"https:\/\/api.w.org\/{rel}","templated":true}]}}